{"id":840,"date":"2020-07-27T00:20:59","date_gmt":"2020-07-26T22:20:59","guid":{"rendered":"http:\/\/www.pallamanoscuolavicenza.it\/documentiwp\/?page_id=840"},"modified":"2021-03-21T17:11:08","modified_gmt":"2021-03-21T16:11:08","slug":"femminile","status":"publish","type":"page","link":"https:\/\/www.pallamanoscuolavicenza.it\/documentiwp\/index.php\/femminile\/","title":{"rendered":"Femminile"},"content":{"rendered":"<div class=\"vce-row-container\" data-vce-boxed-width=\"true\"><div class=\"vce-row vce-row--col-gap-30 vce-row-equal-height vce-row-columns--top vce-row-content--top\" id=\"el-3c05cd14\" data-vce-do-apply=\"all el-3c05cd14\"><div class=\"vce-row-content\" data-vce-element-content=\"true\"><div class=\"vce-col vce-col--md-auto vce-col--xs-1 vce-col--xs-last vce-col--xs-first vce-col--sm-last vce-col--sm-first vce-col--md-last vce-col--lg-last vce-col--xl-last vce-col--md-first vce-col--lg-first vce-col--xl-first\" id=\"el-4b7f7668\"><div class=\"vce-col-inner\" data-vce-do-apply=\"border margin background  el-4b7f7668\"><div class=\"vce-col-content\" data-vce-element-content=\"true\" data-vce-do-apply=\"padding el-4b7f7668\"><div class=\"vce-text-block\"><div class=\"vce-text-block-wrapper vce\" id=\"el-4c16333a\" data-vce-do-apply=\"all el-4c16333a\"><h2>Squadra femminile U17 (stagione 2020-21)<\/h2><div class=\"kvgmc6g5 cxmmr5t8 oygrvhab hcukyx3x c1et5uql ii04i59q\"><div dir=\"auto\"><strong>TORRI-VICENZA U17: UNA NOVIT\u00c0 ASSOLUTA NELLA PALLAMANO FEMMINILE<\/strong><\/div><\/div><div dir=\"auto\"><img loading=\"lazy\" decoding=\"async\" class=\"aligncenter size-full wp-image-1753\" src=\"https:\/\/www.pallamanoscuolavicenza.it\/documentiwp\/wp-content\/uploads\/2021\/03\/Torri-Vicenza-1.jpg\" alt=\"\" width=\"960\" height=\"720\" srcset=\"https:\/\/www.pallamanoscuolavicenza.it\/documentiwp\/wp-content\/uploads\/2021\/03\/Torri-Vicenza-1.jpg 960w, https:\/\/www.pallamanoscuolavicenza.it\/documentiwp\/wp-content\/uploads\/2021\/03\/Torri-Vicenza-1-300x225.jpg 300w, https:\/\/www.pallamanoscuolavicenza.it\/documentiwp\/wp-content\/uploads\/2021\/03\/Torri-Vicenza-1-768x576.jpg 768w\" sizes=\"auto, (max-width: 960px) 100vw, 960px\" \/> <img loading=\"lazy\" decoding=\"async\" class=\"aligncenter size-large wp-image-1754\" src=\"https:\/\/www.pallamanoscuolavicenza.it\/documentiwp\/wp-content\/uploads\/2021\/03\/Torri-Vicenza-2.jpg\" alt=\"\" width=\"640\" height=\"480\" srcset=\"https:\/\/www.pallamanoscuolavicenza.it\/documentiwp\/wp-content\/uploads\/2021\/03\/Torri-Vicenza-2.jpg 960w, https:\/\/www.pallamanoscuolavicenza.it\/documentiwp\/wp-content\/uploads\/2021\/03\/Torri-Vicenza-2-300x225.jpg 300w, https:\/\/www.pallamanoscuolavicenza.it\/documentiwp\/wp-content\/uploads\/2021\/03\/Torri-Vicenza-2-768x576.jpg 768w\" sizes=\"auto, (max-width: 640px) 100vw, 640px\" \/><\/div><div dir=\"auto\">&nbsp;<\/div><div dir=\"auto\"><div class=\"o9v6fnle cxmmr5t8 oygrvhab hcukyx3x c1et5uql ii04i59q\"><div dir=\"auto\">Tra le formazioni giovanili in attesa della ripartenza dei campionati, ce n\u2019\u00e8 una in particolare che non vede l\u2019ora di giocare anche in partita dopo mesi di allenamenti. Si tratta della nuova Under17 femminile nata ad ottobre dalla collaborazione tra U.S. Torri Pallamano e Pallamano Scuola Vicenza e denominata Torri-Vicenza U17. \u2028Infatti, per far fronte ai numeri troppo limitati per formare le due squadre singolarmente, tra le due societ\u00e0 \u00e8 maturata ad inizio stagione la proposta di unire in un\u2019unica squadra le atlete del Torri, che negli anni scorsi avevano disputato i campionati U15, U17 e Pink Cup Under20, e le atlete del Vicenza, che nella passata stagione avevano partecipato alla Pink Cup Under20 grazie al gemellaggio con la formazione femminile del Caldogno.<\/div><\/div><div class=\"o9v6fnle cxmmr5t8 oygrvhab hcukyx3x c1et5uql ii04i59q\"><div dir=\"auto\">Il neonato Torri-Vicenza U17 \u00e8 quindi stato iscritto al campionato U17 femminile, che ancora non \u00e8 partito per i problemi legati alla situazione sanitaria attuale. Ciononostante, le 19 ragazze si stanno allenando regolarmente gi\u00e0 da ottobre nella tensostruttura di Vicenza e sono guidate da Nicola Tezza, che dopo qualche anno \u00e8 tornato ad occuparsi del settore femminile.<\/div><\/div><div class=\"o9v6fnle cxmmr5t8 oygrvhab hcukyx3x c1et5uql ii04i59q\"><div dir=\"auto\">Dopo un\u2019iniziale fase conoscitiva, il gruppo \u00e8 diventato molto affiatato e c\u2019\u00e8 tanta voglia di giocare e divertirsi insieme, come conferma Alexandrina Petrici, portiere della squadra: \u201cInizialmente questa unione delle due squadre mi spaventava un po\u2019 perch\u00e9 temevo che potessero nascere delle rivalit\u00e0, invece sono rimasta stupita dalla velocit\u00e0 con cui abbiamo legato e siamo diventate amiche. Mi trovo benissimo a giocare con le mie compagne, vederle arrivare con i sorrisi stampati e allenarsi con grinta mi fa stare bene, loro mi fanno sentire a mio agio e mi sostengono in campo e questa secondo me \u00e8 la cosa pi\u00f9 importante in una squadra. Sono convinta che otterremo buoni risultati.\u201d<\/div><\/div><div class=\"o9v6fnle cxmmr5t8 oygrvhab hcukyx3x c1et5uql ii04i59q\"><div dir=\"auto\">Le stesse sensazioni positive sono condivise da un\u2019altra atleta del gruppo Susanna Milan: \u201cSono entrata nella squadra del Vicenza nel gennaio 2020 e le compagne mi hanno accolta a braccia aperte, ho legato con tutte e sono diventate come una seconda famiglia. Purtroppo dopo due mesi \u00e8 arrivato il Covid e non ci siamo viste per mesi, ma quando c\u2019\u00e8 stata la possibilit\u00e0 di tornare in campo a giugno eravamo emozionate. A settembre abbiamo ripreso gli allenamenti e dopo un mese \u00e8 iniziata la collaborazione con il Torri femminile. Con le nuove compagne abbiamo subito legato molto e allenamento dopo allenamento siamo diventate una famiglia unita e determinata.\u201d<\/div><\/div><div class=\"o9v6fnle cxmmr5t8 oygrvhab hcukyx3x c1et5uql ii04i59q\"><div dir=\"auto\">In ottica futura, questo progetto di unione del settore femminile vuole essere un punto di partenza per una collaborazione duratura tra le due societ\u00e0, con l\u2019obiettivo di far crescere l'interesse per la pallamano femminile e di diventare un punto di riferimento nell'area berica.<\/div><\/div><\/div><\/div><\/div><\/div><\/div><\/div><\/div><\/div><\/div><div class=\"vce-row-container\" data-vce-boxed-width=\"true\"><div class=\"vce-row vce-row--col-gap-30 vce-row-columns--top vce-row-content--top\" id=\"el-bf14bd4d\" data-vce-do-apply=\"all el-bf14bd4d\"><div class=\"vce-row-content\" data-vce-element-content=\"true\"><div class=\"vce-col vce-col--md-auto vce-col--xs-1 vce-col--xs-last vce-col--xs-first vce-col--sm-last vce-col--sm-first vce-col--md-last vce-col--lg-last vce-col--xl-last vce-col--md-first vce-col--lg-first vce-col--xl-first\" id=\"el-e07ee669\"><div class=\"vce-col-inner\" data-vce-do-apply=\"border margin background  el-e07ee669\"><div class=\"vce-col-content\" data-vce-element-content=\"true\" data-vce-do-apply=\"padding el-e07ee669\"><div class=\"vce-text-block\"><div class=\"vce-text-block-wrapper vce\" id=\"el-54348c17\" data-vce-do-apply=\"all el-54348c17\"><h2>Squadra femminile (stagione 2019-20)<\/h2><p>&nbsp;<\/p><\/div><\/div><\/div><\/div><\/div><\/div><\/div><\/div><div class=\"vce-row-container\" data-vce-boxed-width=\"true\"><div class=\"vce-row vce-row--col-gap-30 vce-row-columns--top vce-row-content--top\" id=\"el-2e6f2bb9\" data-vce-do-apply=\"all el-2e6f2bb9\"><div class=\"vce-row-content\" data-vce-element-content=\"true\"><div class=\"vce-col vce-col--md-auto vce-col--xs-1 vce-col--xs-last vce-col--xs-first vce-col--sm-last vce-col--sm-first vce-col--md-last vce-col--lg-last vce-col--xl-last vce-col--md-first vce-col--lg-first vce-col--xl-first\" id=\"el-71efdb00\"><div class=\"vce-col-inner\" data-vce-do-apply=\"border margin background  el-71efdb00\"><div class=\"vce-col-content\" data-vce-element-content=\"true\" data-vce-do-apply=\"padding el-71efdb00\"><div class=\"vce-single-image-container vce-single-image--align-center\"><div class=\"vce vce-single-image-wrapper\" id=\"el-a93e3448\" data-vce-do-apply=\"all el-a93e3448\" data-vce-animate=\"vce-o-animate--zoomIn\"><figure><div class=\"vce-single-image-inner vce-single-image--absolute vce-single-image--border-round\" style=\"padding-bottom: 100%; width: 768px;\"><img loading=\"lazy\" decoding=\"async\" class=\"vce-single-image\" width=\"768\" height=\"768\" src=\"https:\/\/www.pallamanoscuolavicenza.it\/documentiwp\/wp-content\/uploads\/2021\/03\/PSV-femminile-2019-20-1-768x768.jpg\" srcset=\"https:\/\/www.pallamanoscuolavicenza.it\/documentiwp\/wp-content\/uploads\/2021\/03\/PSV-femminile-2019-20-1-320x320.jpg 320w,https:\/\/www.pallamanoscuolavicenza.it\/documentiwp\/wp-content\/uploads\/2021\/03\/PSV-femminile-2019-20-1-480x480.jpg 480w,https:\/\/www.pallamanoscuolavicenza.it\/documentiwp\/wp-content\/uploads\/2021\/03\/PSV-femminile-2019-20-1-800x800.jpg 800w,https:\/\/www.pallamanoscuolavicenza.it\/documentiwp\/wp-content\/uploads\/2021\/03\/PSV-femminile-2019-20-1-768x768.jpg 768w,https:\/\/www.pallamanoscuolavicenza.it\/documentiwp\/wp-content\/uploads\/2021\/03\/PSV-femminile-2019-20-1-1536x1536.jpg 2x\" data-img-src=\"https:\/\/www.pallamanoscuolavicenza.it\/documentiwp\/wp-content\/uploads\/2020\/07\/PSV-femminile-2019-20-1.jpg\" alt=\"\" title=\"PSV-femminile 2019-20\" \/><\/div><figcaption hidden=\"\"><\/figcaption><\/figure><\/div><\/div><div class=\"vce-row-container\" data-vce-boxed-width=\"true\"><div class=\"vce-row vce-row--col-gap-30 vce-row-columns--top vce-row-content--top\" id=\"el-14e077f1\" data-vce-do-apply=\"all el-14e077f1\"><div class=\"vce-row-content\" data-vce-element-content=\"true\"><div class=\"vce-col vce-col--md-auto vce-col--xs-1 vce-col--xs-last vce-col--xs-first vce-col--sm-last vce-col--sm-first vce-col--md-first vce-col--lg-first vce-col--xl-first\" id=\"el-e3221c5b\"><div class=\"vce-col-inner\" data-vce-do-apply=\"border margin background  el-e3221c5b\"><div class=\"vce-col-content\" data-vce-element-content=\"true\" data-vce-do-apply=\"padding el-e3221c5b\"><div class=\"vce-single-image-container vce-single-image--align-left\"><div class=\"vce vce-single-image-wrapper\" id=\"el-cf996117\" data-vce-do-apply=\"all el-cf996117\"><figure><div class=\"vce-single-image-inner vce-single-image--absolute\" style=\"padding-bottom: 85.0586%; width: 1024px;\"><img loading=\"lazy\" decoding=\"async\" class=\"vce-single-image\" width=\"1024\" height=\"871\" src=\"https:\/\/www.pallamanoscuolavicenza.it\/documentiwp\/wp-content\/uploads\/2021\/03\/PSV-feminile_azione_2-1024x871.jpeg\" srcset=\"https:\/\/www.pallamanoscuolavicenza.it\/documentiwp\/wp-content\/uploads\/2021\/03\/PSV-feminile_azione_2-320x272.jpeg 320w,https:\/\/www.pallamanoscuolavicenza.it\/documentiwp\/wp-content\/uploads\/2021\/03\/PSV-feminile_azione_2-480x408.jpeg 480w,https:\/\/www.pallamanoscuolavicenza.it\/documentiwp\/wp-content\/uploads\/2021\/03\/PSV-feminile_azione_2-800x680.jpeg 800w,https:\/\/www.pallamanoscuolavicenza.it\/documentiwp\/wp-content\/uploads\/2021\/03\/PSV-feminile_azione_2-1024x871.jpeg 1024w\" data-img-src=\"https:\/\/www.pallamanoscuolavicenza.it\/documentiwp\/wp-content\/uploads\/2020\/08\/PSV-feminile_azione_2.jpeg\" alt=\"\" title=\"PSV feminile_azione_2\" \/><\/div><figcaption hidden=\"\"><\/figcaption><\/figure><\/div><\/div><\/div><\/div><\/div><div class=\"vce-col vce-col--md-auto vce-col--xs-1 vce-col--xs-last vce-col--xs-first vce-col--sm-last vce-col--sm-first vce-col--md-last vce-col--lg-last vce-col--xl-last\" id=\"el-632b97ef\"><div class=\"vce-col-inner\" data-vce-do-apply=\"border margin background  el-632b97ef\"><div class=\"vce-col-content\" data-vce-element-content=\"true\" data-vce-do-apply=\"padding el-632b97ef\"><div class=\"vce-single-image-container vce-single-image--align-left\"><div class=\"vce vce-single-image-wrapper\" id=\"el-fee01d5b\" data-vce-do-apply=\"all el-fee01d5b\"><figure><div class=\"vce-single-image-inner vce-single-image--absolute\" style=\"padding-bottom: 86.7188%; width: 1024px;\"><img loading=\"lazy\" decoding=\"async\" class=\"vce-single-image\" width=\"1024\" height=\"888\" src=\"https:\/\/www.pallamanoscuolavicenza.it\/documentiwp\/wp-content\/uploads\/2021\/03\/PSV-feminile_azione_3-1024x888.jpeg\" srcset=\"https:\/\/www.pallamanoscuolavicenza.it\/documentiwp\/wp-content\/uploads\/2021\/03\/PSV-feminile_azione_3-320x278.jpeg 320w,https:\/\/www.pallamanoscuolavicenza.it\/documentiwp\/wp-content\/uploads\/2021\/03\/PSV-feminile_azione_3-480x416.jpeg 480w,https:\/\/www.pallamanoscuolavicenza.it\/documentiwp\/wp-content\/uploads\/2021\/03\/PSV-feminile_azione_3-800x694.jpeg 800w,https:\/\/www.pallamanoscuolavicenza.it\/documentiwp\/wp-content\/uploads\/2021\/03\/PSV-feminile_azione_3-1024x888.jpeg 1024w\" data-img-src=\"https:\/\/www.pallamanoscuolavicenza.it\/documentiwp\/wp-content\/uploads\/2020\/08\/PSV-feminile_azione_3.jpeg\" alt=\"\" title=\"PSV feminile_azione_3\" \/><\/div><figcaption hidden=\"\"><\/figcaption><\/figure><\/div><\/div><\/div><\/div><\/div><\/div><\/div><\/div><\/div><\/div><\/div><\/div><\/div><\/div><div class=\"vce-row-container\" data-vce-boxed-width=\"true\"><div class=\"vce-row vce-row--col-gap-30 vce-row-columns--top vce-row-content--top\" id=\"el-b54ea322\" data-vce-do-apply=\"all el-b54ea322\"><div class=\"vce-row-content\" data-vce-element-content=\"true\"><div class=\"vce-col vce-col--md-auto vce-col--xs-1 vce-col--xs-last vce-col--xs-first vce-col--sm-last vce-col--sm-first vce-col--md-first vce-col--lg-first vce-col--xl-first\" id=\"el-aa0a1dc9\"><div class=\"vce-col-inner\" data-vce-do-apply=\"border margin background  el-aa0a1dc9\"><div class=\"vce-col-content\" data-vce-element-content=\"true\" data-vce-do-apply=\"padding el-aa0a1dc9\"><div class=\"vce-single-image-container vce-single-image--align-center\"><div class=\"vce vce-single-image-wrapper\" id=\"el-88dd85bf\" data-vce-do-apply=\"all el-88dd85bf\"><figure><div class=\"vce-single-image-inner vce-single-image--absolute vce-single-image--border-rounded\" style=\"padding-bottom: 75%; width: 1024px;\"><img loading=\"lazy\" decoding=\"async\" class=\"vce-single-image\" width=\"1024\" height=\"768\" src=\"https:\/\/www.pallamanoscuolavicenza.it\/documentiwp\/wp-content\/uploads\/2021\/03\/PSV-femminile-2019-20_1-1024x768.jpg\" srcset=\"https:\/\/www.pallamanoscuolavicenza.it\/documentiwp\/wp-content\/uploads\/2021\/03\/PSV-femminile-2019-20_1-320x240.jpg 320w,https:\/\/www.pallamanoscuolavicenza.it\/documentiwp\/wp-content\/uploads\/2021\/03\/PSV-femminile-2019-20_1-480x360.jpg 480w,https:\/\/www.pallamanoscuolavicenza.it\/documentiwp\/wp-content\/uploads\/2021\/03\/PSV-femminile-2019-20_1-800x600.jpg 800w,https:\/\/www.pallamanoscuolavicenza.it\/documentiwp\/wp-content\/uploads\/2021\/03\/PSV-femminile-2019-20_1-1024x768.jpg 1024w\" data-img-src=\"https:\/\/www.pallamanoscuolavicenza.it\/documentiwp\/wp-content\/uploads\/2020\/07\/PSV-femminile-2019-20_1.jpg\" alt=\"\" title=\"PSV-femminile 2019-20_1\" \/><\/div><figcaption hidden=\"\"><\/figcaption><\/figure><\/div><\/div><\/div><\/div><\/div><div class=\"vce-col vce-col--md-auto vce-col--xs-1 vce-col--xs-last vce-col--xs-first vce-col--sm-last vce-col--sm-first vce-col--md-last vce-col--lg-last vce-col--xl-last\" id=\"el-5f212de2\"><div class=\"vce-col-inner\" data-vce-do-apply=\"border margin background  el-5f212de2\"><div class=\"vce-col-content\" data-vce-element-content=\"true\" data-vce-do-apply=\"padding el-5f212de2\"><div class=\"vce-single-image-container vce-single-image--align-left\"><div class=\"vce vce-single-image-wrapper\" id=\"el-1072727c\" data-vce-do-apply=\"all el-1072727c\"><figure><div class=\"vce-single-image-inner vce-single-image--absolute\" style=\"padding-bottom: 66.6992%; width: 1024px;\"><img loading=\"lazy\" decoding=\"async\" class=\"vce-single-image\" width=\"1024\" height=\"683\" src=\"https:\/\/www.pallamanoscuolavicenza.it\/documentiwp\/wp-content\/uploads\/2021\/03\/PSV-feminile_azione-1024x683.jpeg\" srcset=\"https:\/\/www.pallamanoscuolavicenza.it\/documentiwp\/wp-content\/uploads\/2021\/03\/PSV-feminile_azione-320x213.jpeg 320w,https:\/\/www.pallamanoscuolavicenza.it\/documentiwp\/wp-content\/uploads\/2021\/03\/PSV-feminile_azione-480x320.jpeg 480w,https:\/\/www.pallamanoscuolavicenza.it\/documentiwp\/wp-content\/uploads\/2021\/03\/PSV-feminile_azione-800x534.jpeg 800w,https:\/\/www.pallamanoscuolavicenza.it\/documentiwp\/wp-content\/uploads\/2021\/03\/PSV-feminile_azione-1024x683.jpeg 1024w\" data-img-src=\"https:\/\/www.pallamanoscuolavicenza.it\/documentiwp\/wp-content\/uploads\/2020\/08\/PSV-feminile_azione.jpeg\" alt=\"\" title=\"PSV feminile_azione\" \/><\/div><figcaption hidden=\"\"><\/figcaption><\/figure><\/div><\/div><\/div><\/div><\/div><\/div><\/div><\/div><div class=\"vce-row-container\" data-vce-boxed-width=\"true\"><div class=\"vce-row vce-row--col-gap-30 vce-row-columns--top vce-row-content--top\" id=\"el-69ecc336\" data-vce-do-apply=\"all el-69ecc336\"><div class=\"vce-row-content\" data-vce-element-content=\"true\"><div class=\"vce-col vce-col--md-auto vce-col--xs-1 vce-col--xs-last vce-col--xs-first vce-col--sm-last vce-col--sm-first vce-col--md-last vce-col--lg-last vce-col--xl-last vce-col--md-first vce-col--lg-first vce-col--xl-first\" id=\"el-5fa5f746\"><div class=\"vce-col-inner\" data-vce-do-apply=\"border margin background  el-5fa5f746\"><div class=\"vce-col-content\" data-vce-element-content=\"true\" data-vce-do-apply=\"padding el-5fa5f746\"><div class=\"vce-single-image-container vce-single-image--align-center\"><div class=\"vce vce-single-image-wrapper\" id=\"el-a4d2278f\" data-vce-do-apply=\"all el-a4d2278f\"><figure><div class=\"vce-single-image-inner vce-single-image--absolute vce-single-image--border-round\" style=\"padding-bottom: 100%; width: 600px;\"><img loading=\"lazy\" decoding=\"async\" class=\"vce-single-image\" width=\"600\" height=\"600\" src=\"https:\/\/www.pallamanoscuolavicenza.it\/documentiwp\/wp-content\/uploads\/2021\/03\/U17-e-femminile-2020-600x600.jpeg\" srcset=\"https:\/\/www.pallamanoscuolavicenza.it\/documentiwp\/wp-content\/uploads\/2021\/03\/U17-e-femminile-2020-320x320.jpeg 320w,https:\/\/www.pallamanoscuolavicenza.it\/documentiwp\/wp-content\/uploads\/2021\/03\/U17-e-femminile-2020-480x480.jpeg 480w,https:\/\/www.pallamanoscuolavicenza.it\/documentiwp\/wp-content\/uploads\/2021\/03\/U17-e-femminile-2020-800x800.jpeg 800w,https:\/\/www.pallamanoscuolavicenza.it\/documentiwp\/wp-content\/uploads\/2021\/03\/U17-e-femminile-2020-600x600.jpeg 600w,https:\/\/www.pallamanoscuolavicenza.it\/documentiwp\/wp-content\/uploads\/2021\/03\/U17-e-femminile-2020-1200x1200.jpeg 2x\" data-img-src=\"https:\/\/www.pallamanoscuolavicenza.it\/documentiwp\/wp-content\/uploads\/2020\/08\/U17-e-femminile-2020.jpeg\" alt=\"\" title=\"U17 e femminile 2020\" \/><\/div><figcaption hidden=\"\"><\/figcaption><\/figure><\/div><\/div><\/div><\/div><\/div><\/div><\/div><\/div>\n","protected":false},"excerpt":{"rendered":"<p>Squadra femminile U17 (stagione 2020-21)TORRI-VICENZA U17: UNA NOVIT\u00c0 ASSOLUTA NELLA PALLAMANO FEMMINILE &nbsp;Tra le formazioni giovanili in attesa della ripartenza dei campionati, ce n\u2019\u00e8 una in particolare che non vede l\u2019ora di giocare anche in partita dopo mesi di allenamenti. Si tratta della nuova Under17 femminile nata ad ottobre dalla collaborazione tra U.S. Torri Pallamano [&hellip;]<\/p>\n","protected":false},"author":1,"featured_media":0,"parent":0,"menu_order":0,"comment_status":"closed","ping_status":"closed","template":"","meta":{"footnotes":""},"class_list":["post-840","page","type-page","status-publish","hentry"],"jetpack_sharing_enabled":true,"_links":{"self":[{"href":"https:\/\/www.pallamanoscuolavicenza.it\/documentiwp\/index.php\/wp-json\/wp\/v2\/pages\/840","targetHints":{"allow":["GET"]}}],"collection":[{"href":"https:\/\/www.pallamanoscuolavicenza.it\/documentiwp\/index.php\/wp-json\/wp\/v2\/pages"}],"about":[{"href":"https:\/\/www.pallamanoscuolavicenza.it\/documentiwp\/index.php\/wp-json\/wp\/v2\/types\/page"}],"author":[{"embeddable":true,"href":"https:\/\/www.pallamanoscuolavicenza.it\/documentiwp\/index.php\/wp-json\/wp\/v2\/users\/1"}],"replies":[{"embeddable":true,"href":"https:\/\/www.pallamanoscuolavicenza.it\/documentiwp\/index.php\/wp-json\/wp\/v2\/comments?post=840"}],"version-history":[{"count":30,"href":"https:\/\/www.pallamanoscuolavicenza.it\/documentiwp\/index.php\/wp-json\/wp\/v2\/pages\/840\/revisions"}],"predecessor-version":[{"id":1756,"href":"https:\/\/www.pallamanoscuolavicenza.it\/documentiwp\/index.php\/wp-json\/wp\/v2\/pages\/840\/revisions\/1756"}],"wp:attachment":[{"href":"https:\/\/www.pallamanoscuolavicenza.it\/documentiwp\/index.php\/wp-json\/wp\/v2\/media?parent=840"}],"curies":[{"name":"wp","href":"https:\/\/api.w.org\/{rel}","templated":true}]}}