{"id":512,"date":"2020-07-21T22:14:11","date_gmt":"2020-07-21T20:14:11","guid":{"rendered":"http:\/\/www.pallamanoscuolavicenza.it\/documentiwp\/?page_id=512"},"modified":"2024-07-25T08:16:27","modified_gmt":"2024-07-25T06:16:27","slug":"storia","status":"publish","type":"page","link":"https:\/\/www.pallamanoscuolavicenza.it\/documentiwp\/index.php\/storia\/","title":{"rendered":"Storia"},"content":{"rendered":"<div class=\"vce-row-container\" data-vce-boxed-width=\"true\"><div class=\"vce-row vce-row--col-gap-30 vce-row-columns--top vce-row-content--top\" id=\"el-76511934\" data-vce-do-apply=\"all el-76511934\"><div class=\"vce-row-content\" data-vce-element-content=\"true\"><div class=\"vce-col vce-col--md-auto vce-col--xs-1 vce-col--xs-last vce-col--xs-first vce-col--sm-last vce-col--sm-first vce-col--md-last vce-col--lg-last vce-col--xl-last vce-col--md-first vce-col--lg-first vce-col--xl-first\" id=\"el-4fda6c69\"><div class=\"vce-col-inner\" data-vce-do-apply=\"border margin background  el-4fda6c69\"><div class=\"vce-col-content\" data-vce-element-content=\"true\" data-vce-do-apply=\"padding el-4fda6c69\"><div class=\"vce-text-block\"><div class=\"vce-text-block-wrapper vce\" id=\"el-cfae24ec\" data-vce-do-apply=\"all el-cfae24ec\"><h1 class=\"wow slideInLeft animated animated\" data-wow-duration=\"800ms\" data-wow-delay=\"200ms\">Breve storia della pallamano a Vicenza<\/h1>\n<p>&nbsp;<\/p>\n<h4>Tutto ebbe inizio nel <strong>1969<\/strong> da una idea del prof. e pioniere <span style=\"color: #008000;\"><strong>Niziano Mion<\/strong><\/span> (delegato provinciale della pallamano vicentina) che propose ad alcuni giovani una nuova pratica sportiva - a moltissimi ancora sconosciuta: \"la pallamano\". I primi allenamenti si svolsero nel piazzale antistante la chiesa di Campedello. Nel frattempo la Pallamano, aveva iniziato a diffondersi nelle scuole della Provincia per opera di Insegnanti di Educazione Fisica (a Torri di Quartesolo con il prof. Giuseppe Villanova, a Malo con i proff. De Tomi e Tarsilla Mion, a Noventa Vicentina. con il prof. Giuseppe Mercante ed in alcuni altri Istituti Superiori sempre con il prof. Niziano Mion (Fusinieri), con il prof. Turra (Canova) e con il fondatore della \"<span style=\"color: #ff0000;\">P<strong>allamano Vicenza<\/strong><\/span>\", nel <strong>1976<\/strong>, il prof. <span style=\"color: #008000;\">Eliseo Bernardi<\/span>.<\/h4>\n<h6>&nbsp;<\/h6><\/div><\/div><div class=\"vce-single-image-container vce-single-image--align-center\"><div class=\"vce vce-single-image-wrapper\" id=\"el-0f187dcd\" data-vce-do-apply=\"all el-0f187dcd\"><figure><div class=\"vce-single-image-inner vce-single-image--absolute vce-single-image--border-rounded\" style=\"padding-bottom: 60%; width: 500px;\"><img loading=\"lazy\" decoding=\"async\" class=\"vce-single-image\" width=\"500\" height=\"300\" src=\"https:\/\/www.pallamanoscuolavicenza.it\/documentiwp\/wp-content\/uploads\/2024\/07\/Niziano-Mion-e-Riviera-98-500x300.jpg\" srcset=\"https:\/\/www.pallamanoscuolavicenza.it\/documentiwp\/wp-content\/uploads\/2024\/07\/Niziano-Mion-e-Riviera-98-320x192.jpg 320w,https:\/\/www.pallamanoscuolavicenza.it\/documentiwp\/wp-content\/uploads\/2024\/07\/Niziano-Mion-e-Riviera-98-480x288.jpg 480w,https:\/\/www.pallamanoscuolavicenza.it\/documentiwp\/wp-content\/uploads\/2024\/07\/Niziano-Mion-e-Riviera-98-800x480.jpg 800w,https:\/\/www.pallamanoscuolavicenza.it\/documentiwp\/wp-content\/uploads\/2024\/07\/Niziano-Mion-e-Riviera-98-500x300.jpg 500w,https:\/\/www.pallamanoscuolavicenza.it\/documentiwp\/wp-content\/uploads\/2024\/07\/Niziano-Mion-e-Riviera-98-1000x600.jpg 2x\" data-img-src=\"https:\/\/www.pallamanoscuolavicenza.it\/documentiwp\/wp-content\/uploads\/2020\/07\/Niziano-Mion-e-Riviera-98.jpg\" alt=\"\" title=\"Niziano Mion e Riviera 98\" \/><\/div><figcaption hidden=\"\"><\/figcaption><\/figure><\/div><\/div><div class=\"vce-text-block\"><div class=\"vce-text-block-wrapper vce\" id=\"el-d2561648\" data-vce-do-apply=\"all el-d2561648\"><h5>&nbsp;Nel 1998 il prof. Niziano Mion e Gaetano Bernardotto costituirono la societ\u00e0 di pallamano \"<span style=\"color: #ff0000;\"><strong>Riviera '98<\/strong><\/span>\"<\/h5><h5>&nbsp;I nostri atleti U14 diventano campioni regionali 2014-2015 ottenendo risultati sportivi a livello nazionale.&nbsp;<\/h5><\/div><\/div><\/div><\/div><\/div><\/div><\/div><\/div><div class=\"vce-row-container\" data-vce-boxed-width=\"true\"><div class=\"vce-row vce-row--col-gap-30 vce-row-columns--top vce-row-content--top\" id=\"el-3a0437a4\" data-vce-do-apply=\"all el-3a0437a4\"><div class=\"vce-row-content\" data-vce-element-content=\"true\"><div class=\"vce-col vce-col--md-auto vce-col--xs-1 vce-col--xs-last vce-col--xs-first vce-col--sm-last vce-col--sm-first vce-col--md-first vce-col--lg-first vce-col--xl-first\" id=\"el-58245177\"><div class=\"vce-col-inner\" data-vce-do-apply=\"border margin background  el-58245177\"><div class=\"vce-col-content\" data-vce-element-content=\"true\" data-vce-do-apply=\"padding el-58245177\"><div class=\"vce-single-image-container vce-single-image--align-left\"><div class=\"vce vce-single-image-wrapper\" id=\"el-d9713ec8\" data-vce-do-apply=\"all el-d9713ec8\"><figure><div class=\"vce-single-image-inner vce-single-image--absolute\" style=\"padding-bottom: 60.4167%; width: 960px;\"><img loading=\"lazy\" decoding=\"async\" class=\"vce-single-image\" width=\"960\" height=\"580\" src=\"https:\/\/www.pallamanoscuolavicenza.it\/documentiwp\/wp-content\/uploads\/2024\/07\/Pallamano-Vicenza-Riviera-98-variati-960x580-1-960x580.jpg\" srcset=\"https:\/\/www.pallamanoscuolavicenza.it\/documentiwp\/wp-content\/uploads\/2024\/07\/Pallamano-Vicenza-Riviera-98-variati-960x580-1-320x193.jpg 320w,https:\/\/www.pallamanoscuolavicenza.it\/documentiwp\/wp-content\/uploads\/2024\/07\/Pallamano-Vicenza-Riviera-98-variati-960x580-1-480x290.jpg 480w,https:\/\/www.pallamanoscuolavicenza.it\/documentiwp\/wp-content\/uploads\/2024\/07\/Pallamano-Vicenza-Riviera-98-variati-960x580-1-800x483.jpg 800w,https:\/\/www.pallamanoscuolavicenza.it\/documentiwp\/wp-content\/uploads\/2024\/07\/Pallamano-Vicenza-Riviera-98-variati-960x580-1-960x580.jpg 960w\" data-img-src=\"https:\/\/www.pallamanoscuolavicenza.it\/documentiwp\/wp-content\/uploads\/2020\/07\/Pallamano-Vicenza-Riviera-98-variati-960x580-1.jpg\" alt=\"\" title=\"Pallamano-Vicenza-Riviera-98-variati-960x580\" \/><\/div><figcaption hidden=\"\"><\/figcaption><\/figure><\/div><\/div><\/div><\/div><\/div><div class=\"vce-col vce-col--md-auto vce-col--xs-1 vce-col--xs-last vce-col--xs-first vce-col--sm-last vce-col--sm-first vce-col--md-last vce-col--lg-last vce-col--xl-last\" id=\"el-7b0eb68b\"><div class=\"vce-col-inner\" data-vce-do-apply=\"border margin background  el-7b0eb68b\"><div class=\"vce-col-content\" data-vce-element-content=\"true\" data-vce-do-apply=\"padding el-7b0eb68b\"><div class=\"vce-text-block\"><div class=\"vce-text-block-wrapper vce\" id=\"el-43fce4fc\" data-vce-do-apply=\"all el-43fce4fc\"><h5><strong>Dopo aver conquistato due anni prima il titolo regionale under 12<\/strong>, gli atleti della Pallamano Vicenza Riviera 98 hanno bissato il risultato, vincendo il campionato regionale under 14.<\/h5>\n<h5>L\u2019ottimo risultato \u00e8 stato festeggiato dai giovani campioni con una visita al sindaco Achille Variati, nella Sala degli Stucchi di palazzo Trissino, accompagnati dagli allenatori e dal presidente della societ\u00e0 sportiva Walter Bettiato Fava.<\/h5><\/div><\/div><\/div><\/div><\/div><\/div><\/div><\/div><div class=\"vce-row-container\" data-vce-boxed-width=\"true\"><div class=\"vce-row vce-row--col-gap-30 vce-row-columns--top vce-row-content--top\" id=\"el-efb95c87\" data-vce-do-apply=\"all el-efb95c87\"><div class=\"vce-row-content\" data-vce-element-content=\"true\"><div class=\"vce-col vce-col--md-auto vce-col--xs-1 vce-col--xs-last vce-col--xs-first vce-col--sm-last vce-col--sm-first vce-col--md-last vce-col--lg-last vce-col--xl-last vce-col--md-first vce-col--lg-first vce-col--xl-first\" id=\"el-8fb63400\"><div class=\"vce-col-inner\" data-vce-do-apply=\"border margin background  el-8fb63400\"><div class=\"vce-col-content\" data-vce-element-content=\"true\" data-vce-do-apply=\"padding el-8fb63400\"><div class=\"vce-text-block\"><div class=\"vce-text-block-wrapper vce\" id=\"el-3dd329c1\" data-vce-do-apply=\"all el-3dd329c1\"><h5>&nbsp;Nel 2015 a Riviera 98 subentra <span style=\"color: #ff0000;\">Pallamano Scuola Vicenza <span style=\"color: #000000;\">sotto la presidenza di <strong>Cristiano Paiusco<\/strong> (socio fondatore) con una importante ristrutturazione della societ\u00e0. Particolare attenzione \u00e8 stata posta a:<\/span><\/span><\/h5><\/div><\/div><div class=\"vce-row-container\" data-vce-boxed-width=\"true\"><div class=\"vce-row vce-row--col-gap-30 vce-row-columns--top vce-row-content--top\" id=\"el-8f66ab09\" data-vce-do-apply=\"all el-8f66ab09\"><div class=\"vce-row-content\" data-vce-element-content=\"true\"><div class=\"vce-col vce-col--md-auto vce-col--xs-1 vce-col--xs-last vce-col--xs-first vce-col--sm-last vce-col--sm-first vce-col--md-first vce-col--lg-first vce-col--xl-first\" id=\"el-569ed3dc\"><div class=\"vce-col-inner\" data-vce-do-apply=\"border margin background  el-569ed3dc\"><div class=\"vce-col-content\" data-vce-element-content=\"true\" data-vce-do-apply=\"padding el-569ed3dc\"><div class=\"vce-text-block\"><div class=\"vce-text-block-wrapper vce\" id=\"el-01f0f9a6\" data-vce-do-apply=\"all el-01f0f9a6\"><p style=\"text-align: center;\">&nbsp;PROGETTI<\/p><h5>Far conoscere questo sport all\u2019interno delle scuole, l\u00ec dove \u00e8 nato e dove si presta ad essere lo sport che aiuta il coordinamento dei movimenti, allena i giovani alla corsa ed al dinamismo includendo propriet\u00e0 di rapidit\u00e0 e di reattivit\u00e0 sempre pi\u00f9 spesso abbandonati da altre discipline.<\/h5><\/div><\/div><\/div><\/div><\/div><div class=\"vce-col vce-col--md-auto vce-col--xs-1 vce-col--xs-last vce-col--xs-first vce-col--sm-last vce-col--sm-first\" id=\"el-81d74b0c\"><div class=\"vce-col-inner\" data-vce-do-apply=\"border margin background  el-81d74b0c\"><div class=\"vce-col-content\" data-vce-element-content=\"true\" data-vce-do-apply=\"padding el-81d74b0c\"><div class=\"vce-text-block\"><div class=\"vce-text-block-wrapper vce\" id=\"el-561339ec\" data-vce-do-apply=\"all el-561339ec\"><p style=\"text-align: center; line-height: inherit;\">INTENZIONI<\/p><h5 style=\"line-height: 1.25;\">Consapevoli di queste enormi possibilit\u00e0 la societ\u00e0 si \u00e8 presentata con successo a Gruppi Sportivi nelle scuole cittadine appoggiati ed incentivati da professori ed insegnanti di Scienze Motorie. Presidi e Comitati Genitori sono stati catturati dalla \u201cbont\u00e0\u201d del nostro progetto \u201cPallamano un altro Sport \u201c.<\/h5><\/div><\/div><\/div><\/div><\/div><div class=\"vce-col vce-col--md-auto vce-col--xs-1 vce-col--xs-last vce-col--xs-first vce-col--sm-last vce-col--sm-first vce-col--md-last vce-col--lg-last vce-col--xl-last\" id=\"el-f4addeae\"><div class=\"vce-col-inner\" data-vce-do-apply=\"border margin background  el-f4addeae\"><div class=\"vce-col-content\" data-vce-element-content=\"true\" data-vce-do-apply=\"padding el-f4addeae\"><div class=\"vce-text-block\"><div class=\"vce-text-block-wrapper vce\" id=\"el-51f65e14\" data-vce-do-apply=\"all el-51f65e14\"><p>IMPEGNI<\/p><h5 style=\"line-height: 2;\">Nostri tecnici sono autorizzati a predisporre interventi in orario curricolare (nell\u2019orario scolastico) al fine di far conoscere questa meravigliosa disciplina.<\/h5><\/div><\/div><\/div><\/div><\/div><\/div><\/div><\/div><\/div><\/div><\/div><\/div><\/div><\/div><div class=\"vce-row-container\" data-vce-boxed-width=\"true\"><div class=\"vce-row vce-row--col-gap-30 vce-row-columns--top vce-row-content--top\" id=\"el-5cc7417b\" data-vce-do-apply=\"all el-5cc7417b\"><div class=\"vce-row-content\" data-vce-element-content=\"true\"><div class=\"vce-col vce-col--md-auto vce-col--xs-1 vce-col--xs-last vce-col--xs-first vce-col--sm-last vce-col--sm-first vce-col--md-last vce-col--lg-last vce-col--xl-last vce-col--md-first vce-col--lg-first vce-col--xl-first\" id=\"el-ac993a5e\"><div class=\"vce-col-inner\" data-vce-do-apply=\"border margin background  el-ac993a5e\"><div class=\"vce-col-content\" data-vce-element-content=\"true\" data-vce-do-apply=\"padding el-ac993a5e\"><div class=\"vce-single-image-container vce-single-image--align-center\"><div class=\"vce vce-single-image-wrapper\" id=\"el-f4fe88f7\" data-vce-do-apply=\"all el-f4fe88f7\"><figure><div class=\"vce-single-image-inner vce-single-image--absolute vce-single-image--border-rounded\" style=\"padding-bottom: 41.3086%; width: 1024px;\"><img loading=\"lazy\" decoding=\"async\" class=\"vce-single-image\" width=\"1024\" height=\"423\" src=\"https:\/\/www.pallamanoscuolavicenza.it\/documentiwp\/wp-content\/uploads\/2024\/07\/2016_full-1024x423.jpg\" srcset=\"https:\/\/www.pallamanoscuolavicenza.it\/documentiwp\/wp-content\/uploads\/2024\/07\/2016_full-320x132.jpg 320w,https:\/\/www.pallamanoscuolavicenza.it\/documentiwp\/wp-content\/uploads\/2024\/07\/2016_full-480x198.jpg 480w,https:\/\/www.pallamanoscuolavicenza.it\/documentiwp\/wp-content\/uploads\/2024\/07\/2016_full-800x330.jpg 800w,https:\/\/www.pallamanoscuolavicenza.it\/documentiwp\/wp-content\/uploads\/2024\/07\/2016_full-1024x423.jpg 1024w,https:\/\/www.pallamanoscuolavicenza.it\/documentiwp\/wp-content\/uploads\/2024\/07\/2016_full-2048x846.jpg 2x\" data-img-src=\"https:\/\/www.pallamanoscuolavicenza.it\/documentiwp\/wp-content\/uploads\/2020\/07\/2016_full.jpg\" alt=\"\" title=\"2016_full\" \/><\/div><figcaption hidden=\"\"><\/figcaption><\/figure><\/div><\/div><div class=\"vce-single-image-container vce-single-image--align-center\"><div class=\"vce vce-single-image-wrapper\" id=\"el-e4146bbd\" data-vce-do-apply=\"all el-e4146bbd\"><figure><div class=\"vce-single-image-inner vce-single-image--absolute vce-single-image--border-rounded\" style=\"padding-bottom: 52.5391%; width: 1024px;\"><img loading=\"lazy\" decoding=\"async\" class=\"vce-single-image\" width=\"1024\" height=\"538\" src=\"https:\/\/www.pallamanoscuolavicenza.it\/documentiwp\/wp-content\/uploads\/2024\/07\/under12full-1024x538.jpg\" srcset=\"https:\/\/www.pallamanoscuolavicenza.it\/documentiwp\/wp-content\/uploads\/2024\/07\/under12full-320x168.jpg 320w,https:\/\/www.pallamanoscuolavicenza.it\/documentiwp\/wp-content\/uploads\/2024\/07\/under12full-480x252.jpg 480w,https:\/\/www.pallamanoscuolavicenza.it\/documentiwp\/wp-content\/uploads\/2024\/07\/under12full-800x420.jpg 800w,https:\/\/www.pallamanoscuolavicenza.it\/documentiwp\/wp-content\/uploads\/2024\/07\/under12full-1024x538.jpg 1024w\" data-img-src=\"https:\/\/www.pallamanoscuolavicenza.it\/documentiwp\/wp-content\/uploads\/2020\/07\/under12full.jpg\" alt=\"\" title=\"under12full\" \/><\/div><figcaption hidden=\"\"><\/figcaption><\/figure><\/div><\/div><div class=\"vce-single-image-container vce-single-image--align-center\"><div class=\"vce vce-single-image-wrapper\" id=\"el-80c8288e\" data-vce-do-apply=\"all el-80c8288e\"><figure><div class=\"vce-single-image-inner vce-single-image--absolute vce-single-image--border-rounded\" style=\"padding-bottom: 52.5391%; width: 1024px;\"><img loading=\"lazy\" decoding=\"async\" class=\"vce-single-image\" width=\"1024\" height=\"538\" src=\"https:\/\/www.pallamanoscuolavicenza.it\/documentiwp\/wp-content\/uploads\/2024\/07\/under14full-1024x538.jpg\" srcset=\"https:\/\/www.pallamanoscuolavicenza.it\/documentiwp\/wp-content\/uploads\/2024\/07\/under14full-320x168.jpg 320w,https:\/\/www.pallamanoscuolavicenza.it\/documentiwp\/wp-content\/uploads\/2024\/07\/under14full-480x252.jpg 480w,https:\/\/www.pallamanoscuolavicenza.it\/documentiwp\/wp-content\/uploads\/2024\/07\/under14full-800x420.jpg 800w,https:\/\/www.pallamanoscuolavicenza.it\/documentiwp\/wp-content\/uploads\/2024\/07\/under14full-1024x538.jpg 1024w\" data-img-src=\"https:\/\/www.pallamanoscuolavicenza.it\/documentiwp\/wp-content\/uploads\/2020\/07\/under14full.jpg\" alt=\"\" title=\"under14full\" \/><\/div><figcaption hidden=\"\"><\/figcaption><\/figure><\/div><\/div><div class=\"vce-single-image-container vce-single-image--align-center\"><div class=\"vce vce-single-image-wrapper\" id=\"el-f40311bc\" data-vce-do-apply=\"all el-f40311bc\"><figure><div class=\"vce-single-image-inner vce-single-image--absolute vce-single-image--border-rounded\" style=\"padding-bottom: 52.5391%; width: 1024px;\"><img loading=\"lazy\" decoding=\"async\" class=\"vce-single-image\" width=\"1024\" height=\"538\" src=\"https:\/\/www.pallamanoscuolavicenza.it\/documentiwp\/wp-content\/uploads\/2024\/07\/under16full-1024x538.jpg\" srcset=\"https:\/\/www.pallamanoscuolavicenza.it\/documentiwp\/wp-content\/uploads\/2024\/07\/under16full-320x168.jpg 320w,https:\/\/www.pallamanoscuolavicenza.it\/documentiwp\/wp-content\/uploads\/2024\/07\/under16full-480x252.jpg 480w,https:\/\/www.pallamanoscuolavicenza.it\/documentiwp\/wp-content\/uploads\/2024\/07\/under16full-800x420.jpg 800w,https:\/\/www.pallamanoscuolavicenza.it\/documentiwp\/wp-content\/uploads\/2024\/07\/under16full-1024x538.jpg 1024w\" data-img-src=\"https:\/\/www.pallamanoscuolavicenza.it\/documentiwp\/wp-content\/uploads\/2020\/07\/under16full.jpg\" alt=\"\" title=\"under16full\" \/><\/div><figcaption hidden=\"\"><\/figcaption><\/figure><\/div><\/div><div class=\"vce-text-block\"><div class=\"vce-text-block-wrapper vce\" id=\"el-378a4cba\" data-vce-do-apply=\"all el-378a4cba\"><h5>&nbsp;<\/h5><h5>Dalla stagione 2019-20 la presidenza \u00e8 assunta da Loregian Bruno affiancato dalla preziosa attivit\u00e0 del Direttore sportivo Collese Giancarlo fino alla stagione 2021-22.<\/h5><h5>Assume, con seriet\u00e0 e metodo, la Direzione sportiva per le categorie giovanili dal 2023-24 l'allenatore di secondo livello Frontera Nicola.<\/h5><p>&nbsp;<\/p><\/div><\/div><\/div><\/div><\/div><\/div><\/div><\/div>\n","protected":false},"excerpt":{"rendered":"<p>Breve storia della pallamano a Vicenza &nbsp; Tutto ebbe inizio nel 1969 da una idea del prof. e pioniere Niziano Mion (delegato provinciale della pallamano vicentina) che propose ad alcuni giovani una nuova pratica sportiva &#8211; a moltissimi ancora sconosciuta: &#8220;la pallamano&#8221;. I primi allenamenti si svolsero nel piazzale antistante la chiesa di Campedello. Nel [&hellip;]<\/p>\n","protected":false},"author":1,"featured_media":0,"parent":0,"menu_order":0,"comment_status":"closed","ping_status":"closed","template":"","meta":{"footnotes":""},"class_list":["post-512","page","type-page","status-publish","hentry"],"jetpack_sharing_enabled":true,"_links":{"self":[{"href":"https:\/\/www.pallamanoscuolavicenza.it\/documentiwp\/index.php\/wp-json\/wp\/v2\/pages\/512","targetHints":{"allow":["GET"]}}],"collection":[{"href":"https:\/\/www.pallamanoscuolavicenza.it\/documentiwp\/index.php\/wp-json\/wp\/v2\/pages"}],"about":[{"href":"https:\/\/www.pallamanoscuolavicenza.it\/documentiwp\/index.php\/wp-json\/wp\/v2\/types\/page"}],"author":[{"embeddable":true,"href":"https:\/\/www.pallamanoscuolavicenza.it\/documentiwp\/index.php\/wp-json\/wp\/v2\/users\/1"}],"replies":[{"embeddable":true,"href":"https:\/\/www.pallamanoscuolavicenza.it\/documentiwp\/index.php\/wp-json\/wp\/v2\/comments?post=512"}],"version-history":[{"count":31,"href":"https:\/\/www.pallamanoscuolavicenza.it\/documentiwp\/index.php\/wp-json\/wp\/v2\/pages\/512\/revisions"}],"predecessor-version":[{"id":2333,"href":"https:\/\/www.pallamanoscuolavicenza.it\/documentiwp\/index.php\/wp-json\/wp\/v2\/pages\/512\/revisions\/2333"}],"wp:attachment":[{"href":"https:\/\/www.pallamanoscuolavicenza.it\/documentiwp\/index.php\/wp-json\/wp\/v2\/media?parent=512"}],"curies":[{"name":"wp","href":"https:\/\/api.w.org\/{rel}","templated":true}]}}