{"id":1242,"date":"2020-08-01T00:46:49","date_gmt":"2020-07-31T22:46:49","guid":{"rendered":"http:\/\/www.pallamanoscuolavicenza.it\/documentiwp\/?page_id=1242"},"modified":"2025-10-10T14:06:43","modified_gmt":"2025-10-10T12:06:43","slug":"iscrizione-e-pagamenti","status":"publish","type":"page","link":"https:\/\/www.pallamanoscuolavicenza.it\/documentiwp\/index.php\/iscrizione-e-pagamenti\/","title":{"rendered":"Iscrizione e pagamenti"},"content":{"rendered":"<div class=\"vce-row-container\" data-vce-boxed-width=\"true\"><div class=\"vce-row vce-row--col-gap-30 vce-row-content--top\" id=\"el-4110c409\" data-vce-do-apply=\"all el-4110c409\"><div class=\"vce-row-content\" data-vce-element-content=\"true\"><div class=\"vce-col vce-col--md-auto vce-col--xs-1 vce-col--xs-last vce-col--xs-first vce-col--sm-last vce-col--sm-first vce-col--md-last vce-col--lg-last vce-col--xl-last vce-col--md-first vce-col--lg-first vce-col--xl-first\" id=\"el-438eafd2\"><div class=\"vce-col-inner\" data-vce-do-apply=\"border margin background  el-438eafd2\"><div class=\"vce-col-content\" data-vce-element-content=\"true\" data-vce-do-apply=\"padding el-438eafd2\"><div class=\"vce-text-block\"><div class=\"vce-text-block-wrapper vce\" id=\"el-da88179c\" data-vce-do-apply=\"all el-da88179c\"><h1 class=\"single-post-title page-title\">ISCRIZIONE E PAGAMENTI<\/h1><p><span style=\"color: #000000;\"><strong><u>ISCRIZIONE ATLETI\/ATLETE \u201cPALLAMANO SCUOLA VICENZA ASD\u201d stagione 2025\/2026<\/u><\/strong><\/span><\/p><ol><li style=\"list-style-type: none;\"><p class=\"MsoNormal\" style=\"mso-margin-top-alt: auto; margin-bottom: 18.0pt; margin-left: 17.85pt; text-indent: -17.85pt; line-height: normal; mso-list: l1 level1 lfo1;\"><!-- [if !supportLists]--><span style=\"font-size: 16.0pt; mso-bidi-font-size: 12.0pt; font-family: 'Times New Roman',serif; mso-fareast-font-family: 'Times New Roman'; mso-fareast-language: IT;\">1.<span style=\"font-variant-numeric: normal; font-variant-east-asian: normal; font-variant-alternates: normal; font-size-adjust: none; font-kerning: auto; font-optical-sizing: auto; font-feature-settings: normal; font-variation-settings: normal; font-variant-position: normal; font-variant-emoji: normal; font-stretch: normal; font-size: 7pt; line-height: normal; font-family: 'Times New Roman';\">&nbsp;&nbsp;&nbsp; <\/span><\/span><!--[endif]--><span style=\"font-size: 18pt; font-family: 'Times New Roman', serif; color: red;\">categorie giovanili (U14, U16, U18)<\/span><\/p><p class=\"MsoListParagraph\" style=\"mso-margin-top-alt: auto; mso-margin-bottom-alt: auto; margin-left: 18.0pt; mso-add-space: auto; text-indent: -18.0pt; line-height: normal; mso-list: l2 level2 lfo2;\"><!-- [if !supportLists]--><span style=\"font-size: 12.0pt; font-family: 'Times New Roman',serif; mso-fareast-font-family: 'Times New Roman'; color: black; mso-themecolor: text1; mso-fareast-language: IT;\">1.1<span style=\"font-variant-numeric: normal; font-variant-east-asian: normal; font-variant-alternates: normal; font-size-adjust: none; font-kerning: auto; font-optical-sizing: auto; font-feature-settings: normal; font-variation-settings: normal; font-variant-position: normal; font-variant-emoji: normal; font-stretch: normal; font-size: 7pt; line-height: normal; font-family: 'Times New Roman';\">&nbsp; <\/span><\/span><!--[endif]--><span style=\"font-size: 12.0pt; font-family: 'Times New Roman',serif; mso-fareast-font-family: 'Times New Roman'; color: red; mso-fareast-language: IT;\">per i <u>gi\u00e0 iscritti<\/u> alle categorie giovanili (U14, U16, U18)<\/span><span style=\"font-size: 12.0pt; font-family: 'Times New Roman',serif; mso-fareast-font-family: 'Times New Roman'; color: black; mso-fareast-language: IT;\"> &nbsp;l'importo sar\u00e0 di <strong>&nbsp;330,00\u20ac &nbsp;&nbsp;&nbsp; <\/strong>comprensive dei 10 \u20ac obbligatori per l'assicurazione da versare in soluzione unica entro il 31 ottobre oppure due rate da <strong>165+165 \u20ac<\/strong> con scadenza 31 ottobre e 31 gennaio.<\/span><\/p><p class=\"MsoNormal\" style=\"mso-margin-top-alt: auto; mso-margin-bottom-alt: auto; margin-left: 18.0pt; line-height: normal;\"><span style=\"font-size: 12.0pt; font-family: 'Times New Roman',serif; mso-fareast-font-family: 'Times New Roman'; mso-fareast-language: IT;\">Nel caso di&nbsp;<strong><span style=\"color: black;\">fratelli\/sorelle<\/span><\/strong><span style=\"color: black;\">&nbsp;la quota sar\u00e0 costituita da una prima quota intera sommata con la seconda ridotta del 30% e quindi l'importo sar\u00e0&nbsp;<strong>560 \u20ac<\/strong>&nbsp;da versare in soluzione unica entro il 31 ottobre o in due rate&nbsp;<strong>280 + 280 \u20ac<\/strong>&nbsp;con scadenza 31 ottobre e 31 gennaio oppure in tre rate.<\/span><\/span><\/p><p class=\"MsoListParagraph\" style=\"mso-margin-top-alt: auto; mso-margin-bottom-alt: auto; margin-left: 18.0pt; mso-add-space: auto; text-indent: -18.0pt; line-height: normal; mso-list: l2 level2 lfo2;\"><!-- [if !supportLists]--><span style=\"font-size: 12.0pt; font-family: 'Times New Roman',serif; mso-fareast-font-family: 'Times New Roman'; color: black; mso-themecolor: text1; mso-fareast-language: IT;\">1.2<span style=\"font-variant-numeric: normal; font-variant-east-asian: normal; font-variant-alternates: normal; font-size-adjust: none; font-kerning: auto; font-optical-sizing: auto; font-feature-settings: normal; font-variation-settings: normal; font-variant-position: normal; font-variant-emoji: normal; font-stretch: normal; font-size: 7pt; line-height: normal; font-family: 'Times New Roman';\">&nbsp; <\/span><\/span><!--[endif]--><span style=\"font-size: 12.0pt; font-family: 'Times New Roman',serif; mso-fareast-font-family: 'Times New Roman'; color: red; mso-fareast-language: IT;\">per i <u>nuovi iscritti<\/u> alle categorie giovanili (U14, U16, U18)<\/span><span style=\"font-size: 12.0pt; font-family: 'Times New Roman',serif; mso-fareast-font-family: 'Times New Roman'; color: black; mso-fareast-language: IT;\"> &nbsp;l'importo sar\u00e0 di <strong>&nbsp;390,00 \u20ac&nbsp;&nbsp; <\/strong>comprensive dei 10 \u20ac obbligatori per l'assicurazione e <\/span><span style=\"font-size: 12.0pt; font-family: 'Times New Roman',serif; mso-fareast-font-family: 'Times New Roman'; color: #0070c0; mso-fareast-language: IT;\">Kit obbligatorio da ritirare alla Macron <\/span><span style=\"font-size: 12.0pt; font-family: 'Times New Roman',serif; mso-fareast-font-family: 'Times New Roman'; color: black; mso-fareast-language: IT;\">(vedere sotto) da versare in soluzione unica entro il 31 ottobre o due rate da <strong>195+195 \u20ac<\/strong> con scadenza 31 ottobre e 31 gennaio oppure in tre rate.<\/span><\/p><p class=\"MsoNormal\" style=\"mso-margin-top-alt: auto; mso-margin-bottom-alt: auto; margin-left: 18.0pt; line-height: normal;\"><span style=\"font-size: 12.0pt; font-family: 'Times New Roman',serif; mso-fareast-font-family: 'Times New Roman'; mso-fareast-language: IT;\">Nel caso di&nbsp;<strong><span style=\"color: black;\">fratelli\/sorelle<\/span><\/strong><span style=\"color: black;\">&nbsp;la quota sar\u00e0 costituita da una prima quota intera (330) sommata con la seconda ridotta del 30% a cui vanno aggiunti i due kit e quindi l'importo sar\u00e0&nbsp;(560+120) <strong>680 \u20ac<\/strong>&nbsp;da versare in soluzione unica entro il 31 ottobre oppure in due rate&nbsp;<strong>340 + 340 \u20ac<\/strong>&nbsp;con scadenza 31 ottobre e 31 gennaio oppure in tre rate.<\/span><\/span><\/p><p class=\"MsoNormal\" style=\"mso-margin-top-alt: auto; mso-margin-bottom-alt: auto; line-height: normal;\"><span style=\"font-size: 12.0pt; font-family: 'Times New Roman',serif; mso-fareast-font-family: 'Times New Roman'; mso-fareast-language: IT;\">&nbsp;<\/span><\/p><p class=\"MsoNormal\" style=\"mso-margin-top-alt: auto; margin-bottom: 18.0pt; margin-left: 17.85pt; text-indent: -17.85pt; line-height: normal; mso-list: l1 level1 lfo1;\"><!-- [if !supportLists]--><span style=\"font-size: 16.0pt; mso-bidi-font-size: 12.0pt; font-family: 'Times New Roman',serif; mso-fareast-font-family: 'Times New Roman'; mso-fareast-language: IT;\">2.<span style=\"font-variant-numeric: normal; font-variant-east-asian: normal; font-variant-alternates: normal; font-size-adjust: none; font-kerning: auto; font-optical-sizing: auto; font-feature-settings: normal; font-variation-settings: normal; font-variant-position: normal; font-variant-emoji: normal; font-stretch: normal; font-size: 7pt; line-height: normal; font-family: 'Times New Roman';\">&nbsp;&nbsp;&nbsp; <\/span><\/span><!--[endif]--><span style=\"font-size: 18pt; font-family: 'Times New Roman', serif; color: red;\">categorie U12 e promozionale<\/span><\/p><p class=\"MsoListParagraph\" style=\"mso-margin-top-alt: auto; mso-margin-bottom-alt: auto; margin-left: 18.0pt; mso-add-space: auto; text-indent: -18.0pt; line-height: normal; mso-list: l0 level2 lfo3;\"><!-- [if !supportLists]--><span style=\"font-size: 12.0pt; font-family: 'Times New Roman',serif; mso-fareast-font-family: 'Times New Roman'; mso-fareast-language: IT;\">2.1<span style=\"font-variant-numeric: normal; font-variant-east-asian: normal; font-variant-alternates: normal; font-size-adjust: none; font-kerning: auto; font-optical-sizing: auto; font-feature-settings: normal; font-variation-settings: normal; font-variant-position: normal; font-variant-emoji: normal; font-stretch: normal; font-size: 7pt; line-height: normal; font-family: 'Times New Roman';\">&nbsp; <\/span><\/span><!--[endif]--><span style=\"font-size: 12.0pt; font-family: 'Times New Roman',serif; mso-fareast-font-family: 'Times New Roman'; color: red; mso-fareast-language: IT;\">per i <u>gi\u00e0 iscritti<\/u> alle categorie U12 e promozionale<\/span><span style=\"font-size: 12.0pt; font-family: 'Times New Roman',serif; mso-fareast-font-family: 'Times New Roman'; color: black; mso-fareast-language: IT;\"> che faranno <strong>due allenamenti settimanali<\/strong> l'importo sar\u00e0 di <strong>&nbsp;230,00 \u20ac &nbsp;<\/strong>comprensive dei 10 \u20ac obbligatori per l'assicurazione da versare in soluzione unica entro il 31 ottobre oppure due rate da <strong>115+115 \u20ac<\/strong> con scadenza&nbsp;31 ottobre e 31 gennaio.<\/span><\/p><p class=\"MsoNormal\" style=\"mso-margin-top-alt: auto; mso-margin-bottom-alt: auto; margin-left: 18.0pt; line-height: normal;\"><span style=\"font-size: 12.0pt; font-family: 'Times New Roman',serif; mso-fareast-font-family: 'Times New Roman'; mso-fareast-language: IT;\">Nel caso di&nbsp;<strong><span style=\"color: black;\">fratelli\/sorelle<\/span><\/strong><span style=\"color: black;\">&nbsp;la quota sar\u00e0 costituita da una prima quota intera sommata con la seconda ridotta del 30% e quindi l'importo sar\u00e0&nbsp;<strong>390 \u20ac<\/strong>&nbsp;da versare in soluzione unica entro il 31 ottobre o in due rate&nbsp;<strong>195 + 195 \u20ac<\/strong>&nbsp;con scadenza 31 ottobre e 31 gennaio oppure in tre rate.<\/span><\/span><\/p><p class=\"MsoListParagraph\" style=\"mso-margin-top-alt: auto; mso-margin-bottom-alt: auto; margin-left: 18.0pt; mso-add-space: auto; text-indent: -18.0pt; line-height: normal; mso-list: l0 level2 lfo3;\"><!-- [if !supportLists]--><span style=\"font-size: 12.0pt; font-family: 'Times New Roman',serif; mso-fareast-font-family: 'Times New Roman'; mso-fareast-language: IT;\">2.2<span style=\"font-variant-numeric: normal; font-variant-east-asian: normal; font-variant-alternates: normal; font-size-adjust: none; font-kerning: auto; font-optical-sizing: auto; font-feature-settings: normal; font-variation-settings: normal; font-variant-position: normal; font-variant-emoji: normal; font-stretch: normal; font-size: 7pt; line-height: normal; font-family: 'Times New Roman';\">&nbsp; <\/span><\/span><!--[endif]--><span style=\"font-size: 12.0pt; font-family: 'Times New Roman',serif; mso-fareast-font-family: 'Times New Roman'; color: red; mso-fareast-language: IT;\">per i <u>nuovi iscritti<\/u> alle categorie U12 e promozionale<\/span><span style=\"font-size: 12.0pt; font-family: 'Times New Roman',serif; mso-fareast-font-family: 'Times New Roman'; color: black; mso-fareast-language: IT;\"> l'importo sar\u00e0 di <strong>&nbsp;290,00 \u20ac&nbsp;&nbsp; <\/strong>comprensive dei 10 \u20ac obbligatori per l'assicurazione e <\/span><span style=\"font-size: 12.0pt; font-family: 'Times New Roman',serif; mso-fareast-font-family: 'Times New Roman'; color: #0070c0; mso-fareast-language: IT;\">Kit obbligatorio da ritirare alla Macron <\/span><span style=\"font-size: 12.0pt; font-family: 'Times New Roman',serif; mso-fareast-font-family: 'Times New Roman'; color: black; mso-fareast-language: IT;\">(vedere sotto) da versare in soluzione unica entro il 31 ottobre o due rate da <strong>145+145 \u20ac<\/strong> con scadenza 31 ottobre e 31 gennaio oppure in tre rate.<\/span><\/p><p class=\"MsoNormal\" style=\"mso-margin-top-alt: auto; mso-margin-bottom-alt: auto; margin-left: 18.0pt; line-height: normal;\"><span style=\"font-size: 12.0pt; font-family: 'Times New Roman',serif; mso-fareast-font-family: 'Times New Roman'; color: black; mso-fareast-language: IT;\">Nel caso di <strong>fratelli\/sorelle<\/strong> la quota sar\u00e0 costituita da una prima quota intera (230) sommata con la seconda ridotta del 30% a cui vanno aggiunti due kit e quindi l'importo sar\u00e0 (390+120) <strong>510 \u20ac<\/strong> da versare in soluzione unica entro il 31 ottobre oppure in due rate <strong>255 + 255 \u20ac<\/strong> con scadenza 31 ottobre e 31 gennaio oppure in tre rate.<\/span><\/p><p class=\"MsoNormal\" style=\"mso-margin-top-alt: auto; mso-margin-bottom-alt: auto; line-height: normal;\"><em><span style=\"font-size: 12.0pt; font-family: 'Times New Roman',serif; mso-fareast-font-family: 'Times New Roman'; color: blue; mso-fareast-language: IT;\">Per altre situazioni particolari (tre fratelli, un numero minore di allenamenti, ...) scrivere al Presidente Bruno Loregian (3398803962)<\/span><\/em><\/p><p class=\"MsoNormal\" style=\"mso-margin-top-alt: auto; mso-margin-bottom-alt: auto; line-height: normal;\"><span style=\"font-size: 12.0pt; font-family: 'Times New Roman',serif; mso-fareast-font-family: 'Times New Roman'; color: black; mso-fareast-language: IT;\">La quota comprende: borsone (da U14 in s\u00f9) o zainetto per U12,&nbsp; abbigliamento da gara in comodato d\u2019uso gratuito, il tesseramento Figh, palestra e allenatori, l\u2019assicurazione supplementare infortuni .<\/span><span style=\"font-size: 12.0pt; font-family: 'Times New Roman',serif; mso-fareast-font-family: 'Times New Roman'; mso-fareast-language: IT;\">&nbsp;<\/span><\/p><p class=\"MsoNormal\" style=\"mso-margin-top-alt: auto; mso-margin-bottom-alt: auto; text-align: center; line-height: normal;\" align=\"center\"><a href=\"https:\/\/www.pallamanoscuolavicenza.it\/documentiwp\/wp-content\/uploads\/2025\/10\/Policy_Kit__Outfit.pdf\"><span style=\"font-size: 24.0pt; mso-bidi-font-size: 12.0pt; font-family: 'Times New Roman',serif; mso-fareast-font-family: 'Times New Roman'; color: #0070c0; mso-fareast-language: IT;\">Kit obbligatorio da ritirare alla Macron per i nuovi iscritti<\/span><\/a><\/p><\/li><li style=\"list-style-type: none;\"><p class=\"MsoNormal\" style=\"mso-margin-top-alt: auto; mso-margin-bottom-alt: auto; text-align: center; line-height: normal;\" align=\"center\">&nbsp;<\/p><p class=\"MsoListParagraph\" style=\"mso-margin-top-alt: auto; mso-margin-bottom-alt: auto; margin-left: 18.0pt; mso-add-space: auto; line-height: normal;\"><!-- [if gte vml 1]><v:shapetype id=\"_x0000_t75\" coordsize=\"21600,21600\" o:spt=\"75\" o:preferrelative=\"t\" path=\"m@4@5l@4@11@9@11@9@5xe\" filled=\"f\" stroked=\"f\"><br \/>\n <v:stroke joinstyle=\"miter\"\/><br \/>\n <v:formulas><br \/>\n  <v:f eqn=\"if lineDrawn pixelLineWidth 0\"\/><br \/>\n  <v:f eqn=\"sum @0 1 0\"\/><br \/>\n  <v:f eqn=\"sum 0 0 @1\"\/><br \/>\n  <v:f eqn=\"prod @2 1 2\"\/><br \/>\n  <v:f eqn=\"prod @3 21600 pixelWidth\"\/><br \/>\n  <v:f eqn=\"prod @3 21600 pixelHeight\"\/><br \/>\n  <v:f eqn=\"sum @0 0 1\"\/><br \/>\n  <v:f eqn=\"prod @6 1 2\"\/><br \/>\n  <v:f eqn=\"prod @7 21600 pixelWidth\"\/><br \/>\n  <v:f eqn=\"sum @8 21600 0\"\/><br \/>\n  <v:f eqn=\"prod @7 21600 pixelHeight\"\/><br \/>\n  <v:f eqn=\"sum @10 21600 0\"\/><br \/>\n <\/v:formulas><br \/>\n <v:path o:extrusionok=\"f\" gradientshapeok=\"t\" o:connecttype=\"rect\"\/><br \/>\n <o:lock v:ext=\"edit\" aspectratio=\"t\"\/><br \/>\n<\/v:shapetype><v:shape id=\"Immagine_x0020_1\" o:spid=\"_x0000_i1025\" type=\"#_x0000_t75\" style='width:456.75pt;height:252.75pt;visibility:visible;mso-wrap-style:square'><br \/>\n <v:imagedata src=\"file:\/\/\/C:\/Users\/BRUNO\/AppData\/Local\/Temp\/msohtmlclip1\/01\/clip_image001.png\" o:title=\"\"\/><br \/>\n<\/v:shape><![endif]--><!-- [if !vml]--><a href=\"https:\/\/www.pallamanoscuolavicenza.it\/documentiwp\/wp-content\/uploads\/2025\/10\/Policy_Kit__Outfit.pdf\" class=\"pdfemb-viewer\" style=\"\" data-width=\"max\" data-height=\"max\" data-toolbar=\"bottom\" data-toolbar-fixed=\"off\">Policy_Kit_&amp;_Outfit<\/a><img loading=\"lazy\" decoding=\"async\" class=\"alignnone size-full wp-image-2584\" src=\"https:\/\/www.pallamanoscuolavicenza.it\/documentiwp\/wp-content\/uploads\/2025\/10\/KIT-2026.jpg\" alt=\"\" width=\"999\" height=\"553\" srcset=\"https:\/\/www.pallamanoscuolavicenza.it\/documentiwp\/wp-content\/uploads\/2025\/10\/KIT-2026.jpg 999w, https:\/\/www.pallamanoscuolavicenza.it\/documentiwp\/wp-content\/uploads\/2025\/10\/KIT-2026-300x166.jpg 300w, https:\/\/www.pallamanoscuolavicenza.it\/documentiwp\/wp-content\/uploads\/2025\/10\/KIT-2026-768x425.jpg 768w, https:\/\/www.pallamanoscuolavicenza.it\/documentiwp\/wp-content\/uploads\/2025\/10\/KIT-2026-320x177.jpg 320w, https:\/\/www.pallamanoscuolavicenza.it\/documentiwp\/wp-content\/uploads\/2025\/10\/KIT-2026-480x266.jpg 480w, https:\/\/www.pallamanoscuolavicenza.it\/documentiwp\/wp-content\/uploads\/2025\/10\/KIT-2026-800x443.jpg 800w\" sizes=\"auto, (max-width: 999px) 100vw, 999px\" \/><!--[endif]--><\/p><\/li><\/ol><\/div><\/div><\/div><\/div><\/div><\/div><\/div><\/div><div class=\"vce-row-container\" data-vce-boxed-width=\"true\"><div class=\"vce-row vce-row--col-gap-30 vce-row-content--top\" id=\"el-167d8e9f\" data-vce-do-apply=\"all el-167d8e9f\"><div class=\"vce-row-content\" data-vce-element-content=\"true\"><div class=\"vce-col vce-col--md-auto vce-col--xs-1 vce-col--xs-last vce-col--xs-first vce-col--sm-last vce-col--sm-first vce-col--md-last vce-col--lg-last vce-col--xl-last vce-col--md-first vce-col--lg-first vce-col--xl-first\" id=\"el-d553d978\"><div class=\"vce-col-inner\" data-vce-do-apply=\"border margin background  el-d553d978\"><div class=\"vce-col-content\" data-vce-element-content=\"true\" data-vce-do-apply=\"padding el-d553d978\"><div class=\"vce-text-block\"><div class=\"vce-text-block-wrapper vce\" id=\"el-d5aa81f9\" data-vce-do-apply=\"all el-d5aa81f9\"><p><span style=\"color: #000000;\"><strong><u>PAGAMENTI<\/u><\/strong><strong>:<\/strong><\/span><\/p>\n<p><span style=\"color: #000000;\"><strong>Bonifico bancario<\/strong> sul c\/c intestato a PALLAMANO SCUOLA VICENZA presso Banca delle Terre Venete \u2013 IBAN <\/span><strong><span style=\"font-size: 14.0pt; line-height: 107%; font-family: 'Calibri',sans-serif; mso-ascii-theme-font: minor-latin; mso-fareast-font-family: Calibri; mso-fareast-theme-font: minor-latin; mso-hansi-theme-font: minor-latin; mso-bidi-font-family: 'Times New Roman'; mso-bidi-theme-font: minor-bidi; mso-ansi-language: IT; mso-fareast-language: EN-US; mso-bidi-language: AR-SA;\">IT96K0839911800000000145035<\/span><\/strong><span style=\"color: #000000;\">\u2013 Causale: (prima rata - seconda rata oppure saldo)&nbsp; attivit\u00e0 di pallamano&nbsp; atleta (nome cognome).<\/span><\/p>\n<p><span style=\"color: #000000;\">All'atto del pagamento sar\u00e0 inviata tramite email la <strong><span style=\"color: #00ff00;\">ricevuta<\/span><\/strong> per la detrazione fiscale.<\/span><\/p>\n<p><span style=\"color: #000000;\"><strong><u>VISITA MEDICO SPORTIVA AGONISTICA OBBLIGATORIA<\/u><\/strong><\/span><\/p>\n<p><span style=\"color: #000000;\"><u>Senza visita medica non \u00e8 possibile partecipare ad allenamenti e gare<\/u>, n\u00e9 essere tesserati e\/o assicurati.<\/span><br><span style=\"color: #000000;\">Vedere maggiori informazioni sulle strutture convenzionate e riportate nel sito&nbsp; in&nbsp; <span style=\"color: #0000ff;\"><a style=\"color: #0000ff;\" href=\"..\/visite-mediche\/\">INFO - VISITE MEDICHE<\/a><\/span><\/span><\/p>\n<p><span style=\"color: #000000;\"><strong><u>Attenzione<\/u><\/strong>: Il ritiro dei certificati delle visite mediche sar\u00e0 a carico della famiglia.&nbsp; La societ\u00e0 PALLAMANO SCUOLA VICENZA <u>per obbligo Federale \u00e8 tenuta a conservare l\u2019originale<\/u> (sar\u00e0 inviata copia alla famiglia per altri usi).<\/span><\/p>\n<p><span style=\"color: #000000;\">Per esigenze assicurative, in caso di infortunio, i referti medici del PRONTO SOCCORSO dovranno essere tempestivamente (max 3 giorni) consegnati al Presidente o a qualche persona del direttivo.<\/span><\/p>\n<p><span style=\"color: #000000;\">La Pallamano Scuola Vicenza chiede la massima seriet\u00e0 e partecipazione agli allenamenti e alle convocazioni per le partite di campionato.<\/span><\/p>\n<p><span style=\"color: #000000;\">La partecipazione alle attivit\u00e0, ed il pagamento della quota, implicano l\u2019accettazione del <span style=\"color: #0000ff;\"><a style=\"color: #0000ff;\" href=\"..\/..\/wp-content\/uploads\/2017\/10\/REGOLAMENTO-PSV-definitivo-rev6.pdf\">regolamento della societ\u00e0<\/a>&nbsp;<\/span> e del <span style=\"color: #0000ff;\"><a style=\"color: #0000ff;\" href=\"..\/..\/wp-content\/uploads\/2020\/07\/Decalogo.pdf\">decalogo<\/a><\/span> direttamente qui scaricabili<\/span><\/p>\n<p><span style=\"color: #000000;\"><strong><em>IL DIRETTIVO DELLA PALLAMANO SCUOLA V<\/em><\/strong><\/span><span style=\"color: #000000;\"><strong><em>ICENZA<\/em><\/strong><\/span><\/p><\/div><\/div><\/div><\/div><\/div><\/div><\/div><\/div>\n","protected":false},"excerpt":{"rendered":"<p>ISCRIZIONE E PAGAMENTIISCRIZIONE ATLETI\/ATLETE \u201cPALLAMANO SCUOLA VICENZA ASD\u201d stagione 2025\/20261.&nbsp;&nbsp;&nbsp; categorie giovanili (U14, U16, U18)1.1&nbsp; per i gi\u00e0 iscritti alle categorie giovanili (U14, U16, U18) &nbsp;l&#8217;importo sar\u00e0 di &nbsp;330,00\u20ac &nbsp;&nbsp;&nbsp; comprensive dei 10 \u20ac obbligatori per l&#8217;assicurazione da versare in soluzione unica entro il 31 ottobre oppure due rate da 165+165 \u20ac con scadenza 31 [&hellip;]<\/p>\n","protected":false},"author":1,"featured_media":0,"parent":0,"menu_order":0,"comment_status":"closed","ping_status":"closed","template":"","meta":{"footnotes":""},"class_list":["post-1242","page","type-page","status-publish","hentry"],"jetpack_sharing_enabled":true,"_links":{"self":[{"href":"https:\/\/www.pallamanoscuolavicenza.it\/documentiwp\/index.php\/wp-json\/wp\/v2\/pages\/1242","targetHints":{"allow":["GET"]}}],"collection":[{"href":"https:\/\/www.pallamanoscuolavicenza.it\/documentiwp\/index.php\/wp-json\/wp\/v2\/pages"}],"about":[{"href":"https:\/\/www.pallamanoscuolavicenza.it\/documentiwp\/index.php\/wp-json\/wp\/v2\/types\/page"}],"author":[{"embeddable":true,"href":"https:\/\/www.pallamanoscuolavicenza.it\/documentiwp\/index.php\/wp-json\/wp\/v2\/users\/1"}],"replies":[{"embeddable":true,"href":"https:\/\/www.pallamanoscuolavicenza.it\/documentiwp\/index.php\/wp-json\/wp\/v2\/comments?post=1242"}],"version-history":[{"count":49,"href":"https:\/\/www.pallamanoscuolavicenza.it\/documentiwp\/index.php\/wp-json\/wp\/v2\/pages\/1242\/revisions"}],"predecessor-version":[{"id":2589,"href":"https:\/\/www.pallamanoscuolavicenza.it\/documentiwp\/index.php\/wp-json\/wp\/v2\/pages\/1242\/revisions\/2589"}],"wp:attachment":[{"href":"https:\/\/www.pallamanoscuolavicenza.it\/documentiwp\/index.php\/wp-json\/wp\/v2\/media?parent=1242"}],"curies":[{"name":"wp","href":"https:\/\/api.w.org\/{rel}","templated":true}]}}