{"id":1074,"date":"2020-07-30T09:48:43","date_gmt":"2020-07-30T07:48:43","guid":{"rendered":"http:\/\/www.pallamanoscuolavicenza.it\/documentiwp\/?page_id=1074"},"modified":"2025-01-22T11:20:11","modified_gmt":"2025-01-22T10:20:11","slug":"visite-mediche","status":"publish","type":"page","link":"https:\/\/www.pallamanoscuolavicenza.it\/documentiwp\/index.php\/visite-mediche\/","title":{"rendered":"Visite mediche"},"content":{"rendered":"<div class=\"vce-row-container\" data-vce-boxed-width=\"true\"><div class=\"vce-row vce-row--col-gap-30 vce-row-columns--top vce-row-content--top\" id=\"el-9a94a0b0\" data-vce-do-apply=\"all el-9a94a0b0\"><div class=\"vce-row-content\" data-vce-element-content=\"true\"><div class=\"vce-col vce-col--md-auto vce-col--xs-1 vce-col--xs-last vce-col--xs-first vce-col--sm-last vce-col--sm-first vce-col--md-last vce-col--lg-last vce-col--xl-last vce-col--md-first vce-col--lg-first vce-col--xl-first\" id=\"el-b965aedb\"><div class=\"vce-col-inner\" data-vce-do-apply=\"border margin background  el-b965aedb\"><div class=\"vce-col-content\" data-vce-element-content=\"true\" data-vce-do-apply=\"padding el-b965aedb\"><div class=\"vce-text-block\"><div class=\"vce-text-block-wrapper vce\" id=\"el-c2e75c50\" data-vce-do-apply=\"all el-c2e75c50\"><h3>La societ\u00e0 PALLAMANO SCUOLA VICENZA mantiene alcune convenzioni con strutture sanitarie per l'effettuazione di visite mediche agonistiche:<\/h3><\/div><\/div><\/div><\/div><\/div><\/div><\/div><\/div><div class=\"vce-row-container\" data-vce-boxed-width=\"true\"><div class=\"vce-row vce-row--col-gap-30 vce-row-columns--top vce-row-content--top\" id=\"el-32c00d77\" data-vce-do-apply=\"all el-32c00d77\"><div class=\"vce-row-content\" data-vce-element-content=\"true\"><div class=\"vce-col vce-col--md-66-66p vce-col--xs-1 vce-col--xs-last vce-col--xs-first vce-col--sm-last vce-col--sm-first vce-col--md-first vce-col--lg-first vce-col--xl-first\" id=\"el-7ce4613c\"><div class=\"vce-col-inner\" data-vce-do-apply=\"border margin background  el-7ce4613c\"><div class=\"vce-col-content\" data-vce-element-content=\"true\" data-vce-do-apply=\"padding el-7ce4613c\"><div class=\"vce-text-block\"><div class=\"vce-text-block-wrapper vce\" id=\"el-b86595b7\" data-vce-do-apply=\"all el-b86595b7\"><h2><strong>1. FISIODOM&nbsp;<\/strong><\/h2><h4>Via Cavalieri Vittorio Veneto 29. &nbsp;(All\u2019interno centro sport Palladio)&nbsp;&nbsp; Tel. 0444 570252<\/h4><p><a href=\"https:\/\/www.fisiodom.net\/\">https:\/\/www.fisiodom.net\/<\/a><\/p><p><a href=\"https:\/\/www.bing.com\/maps?q=fisiodom&amp;form=ANNTH1&amp;refig=b74a24172ab54db89cc4098d49f4a029&amp;sp=1&amp;qs=AS&amp;pq=fisiodom&amp;sc=8-8&amp;cvid=b74a24172ab54db89cc4098d49f4a029\"><img loading=\"lazy\" decoding=\"async\" class=\"alignnone\" src=\"https:\/\/www.bing.com\/maps\/geoplat\/REST\/v1\/Imagery\/Map\/RoadVibrant\/45.550251,11.51458\/16?ms=944,360&amp;pp=45.550251,11.51458;S593|SelectedPointState&amp;ml=Basemap,Landmarks,OsmBuildings&amp;key=AnTcaqBi2ypp0xI-OZNi4W_ik2KhjgpqioTAtXLC8GzkMBQRMlyxvxyTnd5b73im&amp;c=it-IT&amp;dpi=Large&amp;fmt=jpeg&amp;od=1&amp;logo=n&amp;da=ro\" alt=\"Mappa\" width=\"944\" height=\"360\"><\/a><\/p><p>Richiesta prenotazione<\/p><p align=\"justify\"><span style=\"font-size: medium; color: #ff0000;\"><u><strong>VISITA MEDICO SPORTIVA AGONISTICA SOTTO I 35 ANNI \u20ac 44,00<\/strong><\/u><\/span><\/p><p align=\"justify\"><span style=\"font-size: 12pt; text-align: left;\">VISITA MEDICO SPORTIVA AGONISTICA SOPRA I 35 ANNI \u20ac 55,00<\/span><\/p><p align=\"justify\">visita medica sportiva non agonistica \u20ac 36,00<br><br><\/p><\/div><\/div><div class=\"vce vce-separator-container vce-separator--align-center vce-separator--style-solid\" id=\"el-af66cc42\" data-vce-do-apply=\"margin el-af66cc42\"><div class=\"vce-separator vce-separator--color-b-0-0-0 vce-separator--width-89 vce-separator--thickness-3\" data-vce-do-apply=\"border padding background  el-af66cc42\"><\/div><\/div><\/div><\/div><\/div><div class=\"vce-col vce-col--md-33-33p vce-col--xs-1 vce-col--xs-last vce-col--xs-first vce-col--sm-last vce-col--sm-first vce-col--md-last vce-col--lg-last vce-col--xl-last\" id=\"el-e4c6fd0a\"><div class=\"vce-col-inner\" data-vce-do-apply=\"border margin background  el-e4c6fd0a\"><div class=\"vce-col-content\" data-vce-element-content=\"true\" data-vce-do-apply=\"padding el-e4c6fd0a\"><div class=\"vce-text-block\"><div class=\"vce-text-block-wrapper vce\" id=\"el-eb782f37\" data-vce-do-apply=\"all el-eb782f37\"><p><a href=\"https:\/\/www.pallamanoscuolavicenza.it\/documentiwp\/wp-content\/uploads\/2020\/07\/FISIODOM-BOZZA-CONVENZIONI-2020-Pallamano-Scuola-Vicenza.pdf\" class=\"pdfemb-viewer\" style=\"\" data-width=\"max\" data-height=\"max\" data-toolbar=\"bottom\" data-toolbar-fixed=\"off\">FISIODOM \u2013 BOZZA CONVENZIONI 2020 Pallamano Scuola Vicenza<\/a><\/p><\/div><\/div><\/div><\/div><\/div><\/div><\/div><\/div><div class=\"vce-row-container\" data-vce-boxed-width=\"true\"><div class=\"vce-row vce-row--col-gap-30 vce-row-columns--top vce-row-content--top\" id=\"el-e1addbdf\" data-vce-do-apply=\"all el-e1addbdf\"><div class=\"vce-row-content\" data-vce-element-content=\"true\"><div class=\"vce-col vce-col--md-66-66p vce-col--xs-1 vce-col--xs-last vce-col--xs-first vce-col--sm-last vce-col--sm-first vce-col--md-first vce-col--lg-first vce-col--xl-first\" id=\"el-235778b9\"><div class=\"vce-col-inner\" data-vce-do-apply=\"border margin background  el-235778b9\"><div class=\"vce-col-content\" data-vce-element-content=\"true\" data-vce-do-apply=\"padding el-235778b9\"><div class=\"vce-text-block\"><div class=\"vce-text-block-wrapper vce\" id=\"el-393696a3\" data-vce-do-apply=\"all el-393696a3\"><h2><strong>2. GM POLIAMBULATORIO<\/strong><\/h2>\n<h4>via Zamenhof 829 36100 Vicenza<\/h4>\n<h4>Tel 0444 910220<\/h4>\n<div class=\"actionText\"><a href=\"http:\/\/www.gmpoliambulatorio.it\/gm\/contatti\/\"><img loading=\"lazy\" decoding=\"async\" class=\"aligncenter size-large wp-image-1112\" src=\"https:\/\/www.pallamanoscuolavicenza.it\/documentiwp\/wp-content\/uploads\/2020\/07\/gm-poliambulatorio-posizione-1024x610.jpg\" alt=\"\" width=\"640\" height=\"381\" srcset=\"https:\/\/www.pallamanoscuolavicenza.it\/documentiwp\/wp-content\/uploads\/2020\/07\/gm-poliambulatorio-posizione-1024x610.jpg 1024w, https:\/\/www.pallamanoscuolavicenza.it\/documentiwp\/wp-content\/uploads\/2020\/07\/gm-poliambulatorio-posizione-300x179.jpg 300w, https:\/\/www.pallamanoscuolavicenza.it\/documentiwp\/wp-content\/uploads\/2020\/07\/gm-poliambulatorio-posizione-768x457.jpg 768w, https:\/\/www.pallamanoscuolavicenza.it\/documentiwp\/wp-content\/uploads\/2020\/07\/gm-poliambulatorio-posizione.jpg 1281w\" sizes=\"auto, (max-width: 640px) 100vw, 640px\" \/><\/a><\/div>\n<div>&nbsp;<\/div>\n<p><span style=\"font-size: medium; color: #ff0000;\"><u><strong>VISITA MEDICO SPORTIVA AGONISTICA SOTTO I 35 ANNI \u20ac 50,00<\/strong><\/u><\/span><\/p><\/div><\/div><div class=\"vce vce-separator-container vce-separator--align-center vce-separator--style-solid\" id=\"el-9bf62d59\" data-vce-do-apply=\"margin el-9bf62d59\"><div class=\"vce-separator vce-separator--color-b-0-0-0 vce-separator--width-92 vce-separator--thickness-3\" data-vce-do-apply=\"border padding background  el-9bf62d59\"><\/div><\/div><\/div><\/div><\/div><div class=\"vce-col vce-col--md-33-33p vce-col--xs-1 vce-col--xs-last vce-col--xs-first vce-col--sm-last vce-col--sm-first vce-col--md-last vce-col--lg-last vce-col--xl-last\" id=\"el-798b3294\"><div class=\"vce-col-inner\" data-vce-do-apply=\"border margin background  el-798b3294\"><div class=\"vce-col-content\" data-vce-element-content=\"true\" data-vce-do-apply=\"padding el-798b3294\"><div class=\"vce-text-block\"><div class=\"vce-text-block-wrapper vce\" id=\"el-77a6d21d\" data-vce-do-apply=\"all el-77a6d21d\"><p><a href=\"https:\/\/www.pallamanoscuolavicenza.it\/documentiwp\/wp-content\/uploads\/2020\/07\/MODULO_CONVENZIONE_ANNUALE_20202021-Pallamano-Scuola-Vicenza-firmato.pdf\" class=\"pdfemb-viewer\" style=\"\" data-width=\"max\" data-height=\"max\" data-toolbar=\"bottom\" data-toolbar-fixed=\"off\">MODULO_CONVENZIONE_ANNUALE_20202021 (Pallamano Scuola Vicenza) \u2013 firmato<\/a><\/p><\/div><\/div><\/div><\/div><\/div><\/div><\/div><\/div><div class=\"vce-row-container\" data-vce-boxed-width=\"true\"><div class=\"vce-row vce-row--col-gap-30 vce-row-columns--top vce-row-content--top\" id=\"el-e0f82272\" data-vce-do-apply=\"all el-e0f82272\"><div class=\"vce-row-content\" data-vce-element-content=\"true\"><div class=\"vce-col vce-col--md-66-66p vce-col--xs-1 vce-col--xs-last vce-col--xs-first vce-col--sm-last vce-col--sm-first vce-col--md-first vce-col--lg-first vce-col--xl-first\" id=\"el-819a428d\"><div class=\"vce-col-inner\" data-vce-do-apply=\"border margin background  el-819a428d\"><div class=\"vce-col-content\" data-vce-element-content=\"true\" data-vce-do-apply=\"padding el-819a428d\"><div class=\"vce-text-block\"><div class=\"vce-text-block-wrapper vce\" id=\"el-a5c3b01d\" data-vce-do-apply=\"all el-a5c3b01d\"><h2 class=\"big-testo\">3. Poliambulatorio e Analisi HUB<\/h2><h4 class=\"small-testo\">Via Fabiani, 10&nbsp; 36100&nbsp; Vicenza<\/h4><h4 class=\"small-testo\">Tel. 0444 251922<\/h4><p>referti online<\/p><p><strong><span style=\"color: #ff0000;\">\uf076 VISITA MEDICO SPORTIVA NON AGONISTICA CON ECG&nbsp; \u20ac 35.00 <\/span><\/strong><br><strong><span style=\"color: #ff0000;\">\uf076 VISITA MEDICO SPORTIVA AGONISTICA DAI 18 AI 35 NON COMPIUTI \u20ac 40.00<\/span><\/strong><\/p><p><strong><span style=\"color: #ff0000;\">\uf076 VISITA MEDICO SPORTIVA AGONISTICA SOPRA I 35&nbsp; \u20ac 55.00<\/span><\/strong><\/p><p><a href=\"https:\/\/www.hubsalute.it\/\"><img loading=\"lazy\" decoding=\"async\" class=\"aligncenter wp-image-1103 size-medium\" src=\"https:\/\/www.pallamanoscuolavicenza.it\/documentiwp\/wp-content\/uploads\/2020\/07\/logo-hub-2-2-1-300x56.png\" alt=\"\" width=\"300\" height=\"56\" srcset=\"https:\/\/www.pallamanoscuolavicenza.it\/documentiwp\/wp-content\/uploads\/2020\/07\/logo-hub-2-2-1-300x56.png 300w, https:\/\/www.pallamanoscuolavicenza.it\/documentiwp\/wp-content\/uploads\/2020\/07\/logo-hub-2-2-1.png 715w\" sizes=\"auto, (max-width: 300px) 100vw, 300px\" \/><\/a><\/p><p><a href=\"https:\/\/www.google.com\/maps\/place\/%2BHub+Health+Unit+Bio+-+Poliambulatorio+E+Analisi\/@45.543211,11.571968,16z\/data=!4m5!3m4!1s0x0:0x92a8ce03d55e209c!8m2!3d45.5432106!4d11.5719681?hl=it\"><img loading=\"lazy\" decoding=\"async\" class=\"aligncenter wp-image-1110 size-large\" src=\"https:\/\/www.pallamanoscuolavicenza.it\/documentiwp\/wp-content\/uploads\/2020\/07\/hub-posizione-1024x608.jpg\" alt=\"\" width=\"640\" height=\"380\" srcset=\"https:\/\/www.pallamanoscuolavicenza.it\/documentiwp\/wp-content\/uploads\/2020\/07\/hub-posizione-1024x608.jpg 1024w, https:\/\/www.pallamanoscuolavicenza.it\/documentiwp\/wp-content\/uploads\/2020\/07\/hub-posizione-300x178.jpg 300w, https:\/\/www.pallamanoscuolavicenza.it\/documentiwp\/wp-content\/uploads\/2020\/07\/hub-posizione-768x456.jpg 768w, https:\/\/www.pallamanoscuolavicenza.it\/documentiwp\/wp-content\/uploads\/2020\/07\/hub-posizione.jpg 1265w\" sizes=\"auto, (max-width: 640px) 100vw, 640px\" \/><\/a><\/p><\/div><\/div><div class=\"vce vce-separator-container vce-separator--align-center vce-separator--style-solid\" id=\"el-0ad1f496\" data-vce-do-apply=\"margin el-0ad1f496\"><div class=\"vce-separator vce-separator--color-b-0-0-0 vce-separator--width-92 vce-separator--thickness-3\" data-vce-do-apply=\"border padding background  el-0ad1f496\"><\/div><\/div><\/div><\/div><\/div><div class=\"vce-col vce-col--md-33-33p vce-col--xs-1 vce-col--xs-last vce-col--xs-first vce-col--sm-last vce-col--sm-first vce-col--md-last vce-col--lg-last vce-col--xl-last\" id=\"el-b78d2fbc\"><div class=\"vce-col-inner\" data-vce-do-apply=\"border margin background  el-b78d2fbc\"><div class=\"vce-col-content\" data-vce-element-content=\"true\" data-vce-do-apply=\"padding el-b78d2fbc\"><div class=\"vce-text-block\"><div class=\"vce-text-block-wrapper vce\" id=\"el-3064700e\" data-vce-do-apply=\"all el-3064700e\"><p><a href=\"https:\/\/www.pallamanoscuolavicenza.it\/documentiwp\/wp-content\/uploads\/2020\/08\/PALLAMANO-2020-HUB.pdf\" class=\"pdfemb-viewer\" style=\"\" data-width=\"max\" data-height=\"max\" data-toolbar=\"bottom\" data-toolbar-fixed=\"off\">PALLAMANO 2020 HUB<\/a><\/p><p><a href=\"https:\/\/www.pallamanoscuolavicenza.it\/documentiwp\/wp-content\/uploads\/2020\/08\/RICHIESTA-DI-VISITA-MEDICO-SPORTIVA_2020-HUB-1.pdf\" class=\"pdfemb-viewer\" style=\"\" data-width=\"max\" data-height=\"max\" data-toolbar=\"bottom\" data-toolbar-fixed=\"off\">RICHIESTA DI VISITA MEDICO SPORTIVA_2020 HUB<\/a><\/p><\/div><\/div><\/div><\/div><\/div><\/div><\/div><\/div><div class=\"vce-row-container\" data-vce-boxed-width=\"true\"><div class=\"vce-row vce-row--col-gap-30 vce-row-columns--top vce-row-content--top\" id=\"el-a574e356\" data-vce-do-apply=\"all el-a574e356\"><div class=\"vce-row-content\" data-vce-element-content=\"true\"><div class=\"vce-col vce-col--md-66-66p vce-col--xs-1 vce-col--xs-last vce-col--xs-first vce-col--sm-last vce-col--sm-first vce-col--md-first vce-col--lg-first vce-col--xl-first\" id=\"el-777296d4\"><div class=\"vce-col-inner\" data-vce-do-apply=\"border margin background  el-777296d4\"><div class=\"vce-col-content\" data-vce-element-content=\"true\" data-vce-do-apply=\"padding el-777296d4\"><div class=\"vce-text-block\"><div class=\"vce-text-block-wrapper vce\" id=\"el-29d7c466\" data-vce-do-apply=\"all el-29d7c466\"><h2><strong>4. <a href=\"http:\/\/www.cdvs.it\/\" target=\"_blank\" rel=\"noopener\">C.D.V. - Centro Diagnostico Veneto<\/a><\/strong> -&nbsp;<\/h2><p><strong>SEGRETERIA&nbsp; RICEVE SOLO PREVIO APPUNTAMENTO<\/strong><\/p><p>Via Sette, 56 - 36030 Caldogno (VI)<\/p><p>tel&nbsp; <a class=\"\" href=\"tel:0444585577\">0444 585577<\/a><\/p><p><img loading=\"lazy\" decoding=\"async\" class=\"aligncenter size-full wp-image-1889\" src=\"https:\/\/www.pallamanoscuolavicenza.it\/documentiwp\/wp-content\/uploads\/2021\/11\/CDV-Caldogno.jpg\" alt=\"\" width=\"985\" height=\"597\" srcset=\"https:\/\/www.pallamanoscuolavicenza.it\/documentiwp\/wp-content\/uploads\/2021\/11\/CDV-Caldogno.jpg 985w, https:\/\/www.pallamanoscuolavicenza.it\/documentiwp\/wp-content\/uploads\/2021\/11\/CDV-Caldogno-300x182.jpg 300w, https:\/\/www.pallamanoscuolavicenza.it\/documentiwp\/wp-content\/uploads\/2021\/11\/CDV-Caldogno-768x465.jpg 768w\" sizes=\"auto, (max-width: 985px) 100vw, 985px\" \/><\/p><p><strong>La visita comprende: visita generale, spirometria , esame urine, test cardiologico<\/strong>&nbsp;(prova da sforzo al cicloergometro per atleti di et\u00e0 superiore ai 35 anni, ECG dopo sforzo con IRI test per atleti di et\u00e0 inferiore ai 35 anni.<\/p><p>La visita deve essere prenotata e pagata dal singolo atleta .&nbsp;<\/p><\/div><\/div><\/div><\/div><\/div><div class=\"vce-col vce-col--md-33-33p vce-col--xs-1 vce-col--xs-last vce-col--xs-first vce-col--sm-last vce-col--sm-first vce-col--md-last vce-col--lg-last vce-col--xl-last\" id=\"el-67172ee0\"><div class=\"vce-col-inner\" data-vce-do-apply=\"border margin background  el-67172ee0\"><div class=\"vce-col-content\" data-vce-element-content=\"true\" data-vce-do-apply=\"padding el-67172ee0\"><div class=\"vce-text-block\"><div class=\"vce-text-block-wrapper vce\" id=\"el-b2661e38\" data-vce-do-apply=\"all el-b2661e38\"><p><a href=\"https:\/\/www.pallamanoscuolavicenza.it\/documentiwp\/wp-content\/uploads\/2021\/11\/CDV-Caldogno-MODPOL087-mds-CONV.pdf\" class=\"pdfemb-viewer\" style=\"\" data-width=\"max\" data-height=\"max\" data-toolbar=\"bottom\" data-toolbar-fixed=\"off\">CDV Caldogno \u2013 MODPOL087 mds CONV<\/a><\/p><p>&nbsp;<\/p><p>Link per prenotazioni<\/p><p><a href=\"https:\/\/www.cdvs.it\/servizi\/medicina-dello-sport\/\">Medicina dello sport - C.D.V. Centro Diagnostico Veneto (cdvs.it)<\/a><\/p><\/div><\/div><\/div><\/div><\/div><\/div><\/div><\/div><div class=\"vce-row-container\" data-vce-boxed-width=\"true\"><div class=\"vce-row vce-row--col-gap-30 vce-row-columns--top vce-row-content--top\" id=\"el-59d46eac\" data-vce-do-apply=\"all el-59d46eac\"><div class=\"vce-row-content\" data-vce-element-content=\"true\"><div class=\"vce-col vce-col--md-66-66p vce-col--xs-1 vce-col--xs-last vce-col--xs-first vce-col--sm-last vce-col--sm-first vce-col--md-first vce-col--lg-first vce-col--xl-first\" id=\"el-9fab624f\"><div class=\"vce-col-inner\" data-vce-do-apply=\"border margin background  el-9fab624f\"><div class=\"vce-col-content\" data-vce-element-content=\"true\" data-vce-do-apply=\"padding el-9fab624f\"><div class=\"vce-text-block\"><div class=\"vce-text-block-wrapper vce\" id=\"el-eb53ddcc\" data-vce-do-apply=\"all el-eb53ddcc\"><h2><strong>5. ULSS 8 BERICA<\/strong><\/h2><h2><strong>OSPEDALE DI SANDRIGO<\/strong>&nbsp;- Medicina Sportiva<\/h2><h2><span style=\"font-size: 18pt;\"><strong><span style=\"font-style: normal;\">e SANTA LUCIA - VICENZA<\/span><\/strong><\/span><\/h2><p><strong>SEGRETERIA&nbsp; RICEVE SOLO PREVIO APPUNTAMENTO<\/strong><\/p><p>concordato&nbsp;<\/p><ul><li><strong>telefonicamente <\/strong>allo 0444 756467 nei giorni di Luned\u00ec Marted\u00ec e Gioved\u00ec dalle ore 8:30 alle ore 10:00)&nbsp;<\/li><li>numero di fax&nbsp; <strong>0444 931204 <\/strong><\/li><li>tramite <strong>posta elettronica<\/strong>&nbsp; (<strong><a href=\"mailto:medsport.sandrigo@aulss8.veneto.it\">medsportiva.sandrigo@aulss8.veneto.it<\/a>)&nbsp;<\/strong><\/li><li><p>Si ricorda che \u00e8 attiva la <em>Prenotazione On Line<\/em> per le visite medico sportive dal portale aziendale (<a href=\"https:\/\/www.aulss8.veneto.it\/sam\/ipsa-prenotazione.php\">https:\/\/www.aulss8.veneto.it\/sam\/ipsa-prenotazione.php<\/a>).<\/p><\/li><\/ul><p>Responsabile: Dr.ssa Laura Brusamolin<\/p><p>Segreteria: Federica Ronzani<\/p><p>Azienda AULSS&nbsp;8 BERICA<\/p><p><em>tel. 0444 756467<\/em>.<\/p><\/div><\/div><\/div><\/div><\/div><div class=\"vce-col vce-col--md-33-33p vce-col--xs-1 vce-col--xs-last vce-col--xs-first vce-col--sm-last vce-col--sm-first vce-col--md-last vce-col--lg-last vce-col--xl-last\" id=\"el-66972e9b\"><div class=\"vce-col-inner\" data-vce-do-apply=\"border margin background  el-66972e9b\"><div class=\"vce-col-content\" data-vce-element-content=\"true\" data-vce-do-apply=\"padding el-66972e9b\"><div class=\"vce-text-block\"><div class=\"vce-text-block-wrapper vce\" id=\"el-77803135\" data-vce-do-apply=\"all el-77803135\"><p><a href=\"https:\/\/www.pallamanoscuolavicenza.it\/documentiwp\/wp-content\/uploads\/2023\/10\/richiesta-per-visita-agonistica-ULSS-8.pdf\">Scarica file<\/a><\/p><p><a href=\"https:\/\/www.pallamanoscuolavicenza.it\/documentiwp\/wp-content\/uploads\/2023\/10\/richiesta-per-visita-agonistica-ULSS-8.pdf\" class=\"pdfemb-viewer\" style=\"\" data-width=\"max\" data-height=\"max\" data-toolbar=\"bottom\" data-toolbar-fixed=\"off\">richiesta per visita agonistica - ULSS 8<\/a><\/p><p><a href=\"https:\/\/www.pallamanoscuolavicenza.it\/documentiwp\/wp-content\/uploads\/2024\/12\/richiesta-per-visita-agonistica-ULSS-8_2-scaled.jpg\">Scarica file in formato grafico<\/a><\/p><p><img loading=\"lazy\" decoding=\"async\" class=\"alignnone size-full wp-image-2499\" src=\"https:\/\/www.pallamanoscuolavicenza.it\/documentiwp\/wp-content\/uploads\/2024\/12\/richiesta-per-visita-agonistica-ULSS-8_2-scaled.jpg\" alt=\"\" width=\"1810\" height=\"2560\" srcset=\"https:\/\/www.pallamanoscuolavicenza.it\/documentiwp\/wp-content\/uploads\/2024\/12\/richiesta-per-visita-agonistica-ULSS-8_2-scaled.jpg 1810w, https:\/\/www.pallamanoscuolavicenza.it\/documentiwp\/wp-content\/uploads\/2024\/12\/richiesta-per-visita-agonistica-ULSS-8_2-212x300.jpg 212w, https:\/\/www.pallamanoscuolavicenza.it\/documentiwp\/wp-content\/uploads\/2024\/12\/richiesta-per-visita-agonistica-ULSS-8_2-724x1024.jpg 724w, https:\/\/www.pallamanoscuolavicenza.it\/documentiwp\/wp-content\/uploads\/2024\/12\/richiesta-per-visita-agonistica-ULSS-8_2-768x1086.jpg 768w, https:\/\/www.pallamanoscuolavicenza.it\/documentiwp\/wp-content\/uploads\/2024\/12\/richiesta-per-visita-agonistica-ULSS-8_2-1086x1536.jpg 1086w, https:\/\/www.pallamanoscuolavicenza.it\/documentiwp\/wp-content\/uploads\/2024\/12\/richiesta-per-visita-agonistica-ULSS-8_2-1448x2048.jpg 1448w\" sizes=\"auto, (max-width: 1810px) 100vw, 1810px\" \/><\/p><p><span style=\"font-size: 10pt;\">E' necessario presentarsi alla visita <strong>nell\u2019orario indicato<\/strong> e con <strong>tutti gli allegati debitamente compilati<\/strong> in ogni parte questo per facilitare il percorso di visita dell\u2019atleta stesso riducendo, nel contempo, il rischio di assembramento in sala d\u2019attesa<\/span><\/p><\/div><\/div><\/div><\/div><\/div><\/div><\/div><\/div>\n","protected":false},"excerpt":{"rendered":"<p>La societ\u00e0 PALLAMANO SCUOLA VICENZA mantiene alcune convenzioni con strutture sanitarie per l&#8217;effettuazione di visite mediche agonistiche:1. FISIODOM&nbsp;Via Cavalieri Vittorio Veneto 29. &nbsp;(All\u2019interno centro sport Palladio)&nbsp;&nbsp; Tel. 0444 570252https:\/\/www.fisiodom.net\/Richiesta prenotazioneVISITA MEDICO SPORTIVA AGONISTICA SOTTO I 35 ANNI \u20ac 44,00VISITA MEDICO SPORTIVA AGONISTICA SOPRA I 35 ANNI \u20ac 55,00visita medica sportiva non agonistica \u20ac 36,002. GM [&hellip;]<\/p>\n","protected":false},"author":1,"featured_media":0,"parent":0,"menu_order":0,"comment_status":"closed","ping_status":"closed","template":"","meta":{"footnotes":""},"class_list":["post-1074","page","type-page","status-publish","hentry"],"jetpack_sharing_enabled":true,"_links":{"self":[{"href":"https:\/\/www.pallamanoscuolavicenza.it\/documentiwp\/index.php\/wp-json\/wp\/v2\/pages\/1074","targetHints":{"allow":["GET"]}}],"collection":[{"href":"https:\/\/www.pallamanoscuolavicenza.it\/documentiwp\/index.php\/wp-json\/wp\/v2\/pages"}],"about":[{"href":"https:\/\/www.pallamanoscuolavicenza.it\/documentiwp\/index.php\/wp-json\/wp\/v2\/types\/page"}],"author":[{"embeddable":true,"href":"https:\/\/www.pallamanoscuolavicenza.it\/documentiwp\/index.php\/wp-json\/wp\/v2\/users\/1"}],"replies":[{"embeddable":true,"href":"https:\/\/www.pallamanoscuolavicenza.it\/documentiwp\/index.php\/wp-json\/wp\/v2\/comments?post=1074"}],"version-history":[{"count":59,"href":"https:\/\/www.pallamanoscuolavicenza.it\/documentiwp\/index.php\/wp-json\/wp\/v2\/pages\/1074\/revisions"}],"predecessor-version":[{"id":2523,"href":"https:\/\/www.pallamanoscuolavicenza.it\/documentiwp\/index.php\/wp-json\/wp\/v2\/pages\/1074\/revisions\/2523"}],"wp:attachment":[{"href":"https:\/\/www.pallamanoscuolavicenza.it\/documentiwp\/index.php\/wp-json\/wp\/v2\/media?parent=1074"}],"curies":[{"name":"wp","href":"https:\/\/api.w.org\/{rel}","templated":true}]}}